{"id":6422,"date":"2019-07-01T15:28:47","date_gmt":"2019-07-01T13:28:47","guid":{"rendered":"https:\/\/conzelmann-bisingen.com\/siegelmarken\/"},"modified":"2021-10-19T15:45:08","modified_gmt":"2021-10-19T13:45:08","slug":"marques-de-sceau","status":"publish","type":"page","link":"https:\/\/conzelmann-bisingen.com\/fr\/marques-de-sceau\/","title":{"rendered":"Marques de sceau"},"content":{"rendered":"<div class=\"wpb-content-wrapper\"><p>[vc_row row_type=\u00a0\u00bbrow\u00a0\u00bb content_width=\u00a0\u00bbfull-width\u00a0\u00bb anchor=\u00a0\u00bb\u00a0\u00bb content_aligment=\u00a0\u00bbleft\u00a0\u00bb css_animation=\u00a0\u00bb\u00a0\u00bb][vc_column width=\u00a0\u00bb1\/6&Prime;][\/vc_column][vc_column width=\u00a0\u00bb2\/3&Prime;][vc_empty_space height=\u00a0\u00bb22px\u00a0\u00bb]<div class=\"eltd-section-title-outer-holder \" style=\"text-align: center\">\n\t<div class=\"eltd-section-title-subtitle-holder\">\n\t\t<h3 class=\"eltd-section-subtitle\" style=\";\">Exceptionnellement belle<\/h3>\n\t<\/div>\n\t<div class=\"eltd-section-title-holder\">\n\t\t<h2 class=\"eltd-section-title\" style=\";\">Marques de sceau<\/h2>\n\t<\/div>\n<\/div>[vc_empty_space height=\u00a0\u00bb60px\u00a0\u00bb][vc_column_text]<strong>NOUVEAU<\/strong> dans notre gamme \u2013 extraordinaire et beau :<br \/>\nMarques de sceau SENSUS haptiques, flexibles et autocollantes qui peuvent \u00eatre coll\u00e9es de mani\u00e8re permanente sur toutes les surfaces lisses !<br \/>\nParticuli\u00e8rement adapt\u00e9, bien s\u00fbr, pour les bouteilles en verre, mais aussi pour les bo\u00eetes en carton, sur les tableaux de bord \u2013 o\u00f9 vous le souhaitez.<br \/>\nLes marques de sceau SENSUS sont exceptionnellement belles et attirent le regard tr\u00e8s efficacement.<br \/>\nChaque produit est am\u00e9lior\u00e9 par les MARQUES SENSUS SEAL et re\u00e7oit la meilleure place sur l&rsquo;\u00e9tag\u00e8re des ventes.[\/vc_column_text][vc_empty_space height=\u00a0\u00bb60px\u00a0\u00bb][\/vc_column][vc_column width=\u00a0\u00bb1\/6&Prime;][\/vc_column][\/vc_row]<\/p>\n<\/div>","protected":false},"excerpt":{"rendered":"<p>[vc_row row_type=\u00a0\u00bbrow\u00a0\u00bb content_width=\u00a0\u00bbfull-width\u00a0\u00bb anchor=\u00a0\u00bb\u00a0\u00bb content_aligment=\u00a0\u00bbleft\u00a0\u00bb css_animation=\u00a0\u00bb\u00a0\u00bb][vc_column width=\u00a0\u00bb1\/6&Prime;][\/vc_column][vc_column width=\u00a0\u00bb2\/3&Prime;][vc_empty_space height=\u00a0\u00bb22px\u00a0\u00bb][vc_empty_space height=\u00a0\u00bb60px\u00a0\u00bb][vc_column_text]NOUVEAU dans notre gamme \u2013 extraordinaire et beau : Marques de sceau SENSUS haptiques, flexibles et autocollantes qui peuvent \u00eatre coll\u00e9es de mani\u00e8re permanente sur toutes les surfaces lisses ! Particuli\u00e8rement adapt\u00e9, bien s\u00fbr, pour les&#8230;<\/p>\n","protected":false},"author":1,"featured_media":0,"parent":0,"menu_order":0,"comment_status":"closed","ping_status":"closed","template":"full-width.php","meta":{"footnotes":""},"class_list":["post-6422","page","type-page","status-publish","hentry"],"_links":{"self":[{"href":"https:\/\/conzelmann-bisingen.com\/fr\/wp-json\/wp\/v2\/pages\/6422","targetHints":{"allow":["GET"]}}],"collection":[{"href":"https:\/\/conzelmann-bisingen.com\/fr\/wp-json\/wp\/v2\/pages"}],"about":[{"href":"https:\/\/conzelmann-bisingen.com\/fr\/wp-json\/wp\/v2\/types\/page"}],"author":[{"embeddable":true,"href":"https:\/\/conzelmann-bisingen.com\/fr\/wp-json\/wp\/v2\/users\/1"}],"replies":[{"embeddable":true,"href":"https:\/\/conzelmann-bisingen.com\/fr\/wp-json\/wp\/v2\/comments?post=6422"}],"version-history":[{"count":11,"href":"https:\/\/conzelmann-bisingen.com\/fr\/wp-json\/wp\/v2\/pages\/6422\/revisions"}],"predecessor-version":[{"id":6839,"href":"https:\/\/conzelmann-bisingen.com\/fr\/wp-json\/wp\/v2\/pages\/6422\/revisions\/6839"}],"wp:attachment":[{"href":"https:\/\/conzelmann-bisingen.com\/fr\/wp-json\/wp\/v2\/media?parent=6422"}],"curies":[{"name":"wp","href":"https:\/\/api.w.org\/{rel}","templated":true}]}}