{"id":6445,"date":"2019-07-01T15:15:12","date_gmt":"2019-07-01T13:15:12","guid":{"rendered":"https:\/\/conzelmann-bisingen.com\/unsere-referenzen\/"},"modified":"2021-10-19T15:48:55","modified_gmt":"2021-10-19T13:48:55","slug":"nos-clients","status":"publish","type":"page","link":"https:\/\/conzelmann-bisingen.com\/fr\/nos-clients\/","title":{"rendered":"Nos clients"},"content":{"rendered":"<div class=\"wpb-content-wrapper\"><p>[vc_row row_type=\u00a0\u00bbrow\u00a0\u00bb content_width=\u00a0\u00bbfull-width\u00a0\u00bb anchor=\u00a0\u00bb\u00a0\u00bb content_aligment=\u00a0\u00bbleft\u00a0\u00bb css_animation=\u00a0\u00bb\u00a0\u00bb][vc_column width=\u00a0\u00bb1\/6&Prime;][\/vc_column][vc_column width=\u00a0\u00bb2\/3&Prime;][vc_empty_space height=\u00a0\u00bb22px\u00a0\u00bb]<div class=\"eltd-section-title-outer-holder \" style=\"text-align: center\">\n\t<div class=\"eltd-section-title-subtitle-holder\">\n\t\t<h3 class=\"eltd-section-subtitle\" style=\";\">Cr\u00e9dits<\/h3>\n\t<\/div>\n\t<div class=\"eltd-section-title-holder\">\n\t\t<h2 class=\"eltd-section-title\" style=\";\">Une s\u00e9lection de nos clients<\/h2>\n\t<\/div>\n<\/div>[vc_empty_space height=\u00a0\u00bb22px\u00a0\u00bb][vc_column_text]<\/p>\n<p style=\"text-align: center;\">Entreprises industrielles<br \/>\nAssurances<br \/>\nBanques<\/p>\n<p style=\"text-align: center;\">Particuliers<\/p>\n<p style=\"text-align: center;\">Maisons nobles<br \/>\nMinist\u00e8res<br \/>\nChancelleries d&rsquo;\u00c9tat<\/p>\n<p style=\"text-align: center;\">Cabinets d&rsquo;avocats<br \/>\nConsultant fiscal<br \/>\nConseiller \u00e9conomique<\/p>\n<p style=\"text-align: center;\">Conseillers<\/p>\n<p style=\"text-align: center;\">H\u00f4tels<\/p>\n<p style=\"text-align: center;\">Ambassades<\/p>\n<p style=\"text-align: center;\">Beaucoup de coll\u00e8gues imprimeurs, graphistes et agences de publicit\u00e9n<\/p>\n<p>[\/vc_column_text][vc_empty_space height=\u00a0\u00bb60px\u00a0\u00bb][\/vc_column][vc_column width=\u00a0\u00bb1\/6&Prime;][\/vc_column][\/vc_row]<\/p>\n<\/div>","protected":false},"excerpt":{"rendered":"<p>[vc_row row_type=\u00a0\u00bbrow\u00a0\u00bb content_width=\u00a0\u00bbfull-width\u00a0\u00bb anchor=\u00a0\u00bb\u00a0\u00bb content_aligment=\u00a0\u00bbleft\u00a0\u00bb css_animation=\u00a0\u00bb\u00a0\u00bb][vc_column width=\u00a0\u00bb1\/6&Prime;][\/vc_column][vc_column width=\u00a0\u00bb2\/3&Prime;][vc_empty_space height=\u00a0\u00bb22px\u00a0\u00bb][vc_empty_space height=\u00a0\u00bb22px\u00a0\u00bb][vc_column_text] Entreprises industrielles Assurances Banques Particuliers Maisons nobles Minist\u00e8res Chancelleries d&rsquo;\u00c9tat Cabinets d&rsquo;avocats Consultant fiscal Conseiller \u00e9conomique Conseillers H\u00f4tels Ambassades Beaucoup de coll\u00e8gues imprimeurs, graphistes et agences de publicit\u00e9n [\/vc_column_text][vc_empty_space height=\u00a0\u00bb60px\u00a0\u00bb][\/vc_column][vc_column width=\u00a0\u00bb1\/6&Prime;][\/vc_column][\/vc_row]<\/p>\n","protected":false},"author":1,"featured_media":0,"parent":0,"menu_order":0,"comment_status":"closed","ping_status":"closed","template":"full-width.php","meta":{"footnotes":""},"class_list":["post-6445","page","type-page","status-publish","hentry"],"_links":{"self":[{"href":"https:\/\/conzelmann-bisingen.com\/fr\/wp-json\/wp\/v2\/pages\/6445","targetHints":{"allow":["GET"]}}],"collection":[{"href":"https:\/\/conzelmann-bisingen.com\/fr\/wp-json\/wp\/v2\/pages"}],"about":[{"href":"https:\/\/conzelmann-bisingen.com\/fr\/wp-json\/wp\/v2\/types\/page"}],"author":[{"embeddable":true,"href":"https:\/\/conzelmann-bisingen.com\/fr\/wp-json\/wp\/v2\/users\/1"}],"replies":[{"embeddable":true,"href":"https:\/\/conzelmann-bisingen.com\/fr\/wp-json\/wp\/v2\/comments?post=6445"}],"version-history":[{"count":8,"href":"https:\/\/conzelmann-bisingen.com\/fr\/wp-json\/wp\/v2\/pages\/6445\/revisions"}],"predecessor-version":[{"id":6855,"href":"https:\/\/conzelmann-bisingen.com\/fr\/wp-json\/wp\/v2\/pages\/6445\/revisions\/6855"}],"wp:attachment":[{"href":"https:\/\/conzelmann-bisingen.com\/fr\/wp-json\/wp\/v2\/media?parent=6445"}],"curies":[{"name":"wp","href":"https:\/\/api.w.org\/{rel}","templated":true}]}}