{"id":6446,"date":"2019-07-01T14:18:08","date_gmt":"2019-07-01T12:18:08","guid":{"rendered":"https:\/\/conzelmann-bisingen.com\/unser-service\/"},"modified":"2021-10-19T15:48:33","modified_gmt":"2021-10-19T13:48:33","slug":"notre-service","status":"publish","type":"page","link":"https:\/\/conzelmann-bisingen.com\/fr\/notre-service\/","title":{"rendered":"Notre service"},"content":{"rendered":"<div class=\"wpb-content-wrapper\"><p>[vc_row row_type=\u00a0\u00bbrow\u00a0\u00bb content_width=\u00a0\u00bbfull-width\u00a0\u00bb anchor=\u00a0\u00bb\u00a0\u00bb content_aligment=\u00a0\u00bbleft\u00a0\u00bb css_animation=\u00a0\u00bb\u00a0\u00bb][vc_column width=\u00a0\u00bb1\/6&Prime;][\/vc_column][vc_column width=\u00a0\u00bb2\/3&Prime;][vc_empty_space height=\u00a0\u00bb22px\u00a0\u00bb]<div class=\"eltd-section-title-outer-holder \" style=\"text-align: center\">\n\t<div class=\"eltd-section-title-subtitle-holder\">\n\t\t<h3 class=\"eltd-section-subtitle\" style=\";\">Notre service<\/h3>\n\t<\/div>\n\t<div class=\"eltd-section-title-holder\">\n\t\t<h2 class=\"eltd-section-title\" style=\";\">Ce que nous faisons pour vous<\/h2>\n\t<\/div>\n<\/div>[vc_empty_space height=\u00a0\u00bb12px\u00a0\u00bb][vc_column_text]<\/p>\n<p style=\"text-align: left;\">En plus de notre travail quotidien, nous offrons \u00e0 nos clients un service tr\u00e8s \u00e9tendu, qui s&rsquo;\u00e9tend \u00e0 tous les domaines qui font partie du traitement rapide et satisfaisant de la commande.<\/p>\n<p>[\/vc_column_text][vc_empty_space height=\u00a0\u00bb44px\u00a0\u00bb][vc_column_text]<\/p>\n<h2 style=\"text-align: left;\">Consultation<\/h2>\n<p style=\"text-align: left;\">Nous vous conseillons en d\u00e9tail sur le travail que vous pr\u00e9voyez, vous fournissons des \u00e9chantillons informatifs d&rsquo;objets stock\u00e9s de mani\u00e8re similaire et signalons \u00e9galement les difficult\u00e9s possibles dans le processus de production pr\u00e9vu afin d&rsquo;assurer un traitement sans heurts pour les deux parties.<\/p>\n<p>[\/vc_column_text][vc_empty_space height=\u00a0\u00bb44px\u00a0\u00bb][vc_column_text]<\/p>\n<h2 style=\"text-align: left;\">Livraison et service de livraison<\/h2>\n<p style=\"text-align: left;\">Nous nous occupons de l&rsquo;exp\u00e9dition vers vous ou vos clients, proposons un service de ramassage et de livraison avec nos v\u00e9hicules de soci\u00e9t\u00e9 neutres ou par des services de messagerie, afin que cela fonctionne m\u00eame si le temps presse.<\/p>\n<p>[\/vc_column_text][vc_empty_space height=\u00a0\u00bb44px\u00a0\u00bb][vc_column_text]<\/p>\n<h2 style=\"text-align: left;\">Ouverture et coop\u00e9ration fond\u00e9es sur le partenariat<\/h2>\n<p style=\"text-align: left;\">Certes, il y a des travaux avec nous que nous ne pouvons pas effectuer de mani\u00e8re optimale en raison de notre installation. Dans ces cas, nous vous fournirons une assistance et nommerons des coll\u00e8gues qui peuvent effectuer rapidement et de mani\u00e8re fiable le travail demand\u00e9 pour vous. Nous sommes heureux de vous fournir nos connaissances sp\u00e9cialis\u00e9es.<\/p>\n<p>[\/vc_column_text][vc_empty_space height=\u00a0\u00bb60px\u00a0\u00bb][\/vc_column][vc_column width=\u00a0\u00bb1\/6&Prime;][\/vc_column][\/vc_row]<\/p>\n<\/div>","protected":false},"excerpt":{"rendered":"<p>[vc_row row_type=\u00a0\u00bbrow\u00a0\u00bb content_width=\u00a0\u00bbfull-width\u00a0\u00bb anchor=\u00a0\u00bb\u00a0\u00bb content_aligment=\u00a0\u00bbleft\u00a0\u00bb css_animation=\u00a0\u00bb\u00a0\u00bb][vc_column width=\u00a0\u00bb1\/6&Prime;][\/vc_column][vc_column width=\u00a0\u00bb2\/3&Prime;][vc_empty_space height=\u00a0\u00bb22px\u00a0\u00bb][vc_empty_space height=\u00a0\u00bb12px\u00a0\u00bb][vc_column_text] En plus de notre travail quotidien, nous offrons \u00e0 nos clients un service tr\u00e8s \u00e9tendu, qui s&rsquo;\u00e9tend \u00e0 tous les domaines qui font partie du traitement rapide et satisfaisant de la commande. [\/vc_column_text][vc_empty_space height=\u00a0\u00bb44px\u00a0\u00bb][vc_column_text] Consultation&#8230;<\/p>\n","protected":false},"author":1,"featured_media":0,"parent":0,"menu_order":0,"comment_status":"closed","ping_status":"closed","template":"full-width.php","meta":{"footnotes":""},"class_list":["post-6446","page","type-page","status-publish","hentry"],"_links":{"self":[{"href":"https:\/\/conzelmann-bisingen.com\/fr\/wp-json\/wp\/v2\/pages\/6446","targetHints":{"allow":["GET"]}}],"collection":[{"href":"https:\/\/conzelmann-bisingen.com\/fr\/wp-json\/wp\/v2\/pages"}],"about":[{"href":"https:\/\/conzelmann-bisingen.com\/fr\/wp-json\/wp\/v2\/types\/page"}],"author":[{"embeddable":true,"href":"https:\/\/conzelmann-bisingen.com\/fr\/wp-json\/wp\/v2\/users\/1"}],"replies":[{"embeddable":true,"href":"https:\/\/conzelmann-bisingen.com\/fr\/wp-json\/wp\/v2\/comments?post=6446"}],"version-history":[{"count":8,"href":"https:\/\/conzelmann-bisingen.com\/fr\/wp-json\/wp\/v2\/pages\/6446\/revisions"}],"predecessor-version":[{"id":6848,"href":"https:\/\/conzelmann-bisingen.com\/fr\/wp-json\/wp\/v2\/pages\/6446\/revisions\/6848"}],"wp:attachment":[{"href":"https:\/\/conzelmann-bisingen.com\/fr\/wp-json\/wp\/v2\/media?parent=6446"}],"curies":[{"name":"wp","href":"https:\/\/api.w.org\/{rel}","templated":true}]}}