{"id":6448,"date":"2019-07-01T13:34:13","date_gmt":"2019-07-01T11:34:13","guid":{"rendered":"https:\/\/conzelmann-bisingen.com\/leistungsportfolio\/"},"modified":"2021-10-20T15:08:37","modified_gmt":"2021-10-20T13:08:37","slug":"prestations","status":"publish","type":"page","link":"https:\/\/conzelmann-bisingen.com\/fr\/prestations\/","title":{"rendered":"Prestations"},"content":{"rendered":"<div class=\"wpb-content-wrapper\"><p>[vc_row row_type=\u00a0\u00bbrow\u00a0\u00bb content_width=\u00a0\u00bbfull-width\u00a0\u00bb anchor=\u00a0\u00bb\u00a0\u00bb content_aligment=\u00a0\u00bbleft\u00a0\u00bb css_animation=\u00a0\u00bb\u00a0\u00bb][vc_column width=\u00a0\u00bb1\/6&Prime;][\/vc_column][vc_column width=\u00a0\u00bb2\/3&Prime;][vc_empty_space height=\u00a0\u00bb22px\u00a0\u00bb]<div class=\"eltd-section-title-outer-holder \" style=\"text-align: center\">\n\t<div class=\"eltd-section-title-subtitle-holder\">\n\t\t<h3 class=\"eltd-section-subtitle\" style=\";\">Produits<\/h3>\n\t<\/div>\n\t<div class=\"eltd-section-title-holder\">\n\t\t<h2 class=\"eltd-section-title\" style=\";\">Notre portefeuille de services<\/h2>\n\t<\/div>\n<\/div>[vc_empty_space height=\u00a0\u00bb12px\u00a0\u00bb][vc_column_text]Nos produits sont le r\u00e9sultat de notre passion pour la finition. Laissez-vous inspirer par des optiques sp\u00e9ciales et des exp\u00e9riences haptiques.<\/p>\n<p>Nous serons heureux de vous envoyer des \u00e9chantillons s\u00e9lectionn\u00e9s sur demande.[\/vc_column_text][vc_empty_space height=\u00a0\u00bb33px\u00a0\u00bb][\/vc_column][vc_column width=\u00a0\u00bb1\/6&Prime;][\/vc_column][\/vc_row][vc_row row_type=\u00a0\u00bbrow\u00a0\u00bb content_width=\u00a0\u00bbfull-width\u00a0\u00bb anchor=\u00a0\u00bb\u00a0\u00bb content_aligment=\u00a0\u00bbleft\u00a0\u00bb css_animation=\u00a0\u00bb\u00a0\u00bb][vc_column][vc_empty_space]<div class = \"eltd-ptf-list-wrapper eltd-ptf-gallery eltd-ptf-six-columns\" data-next-page= 2 data-type= gallery data-columns= six data-grid-size= three data-order-by= date data-order= DESC data-number= 6 data-image-size= square data-filter= no data-filter-order-by= name data-category= produktportfolio-fr data-show-load-more= no data-title-tag= h6 data-hide-category= no data-max-num-pages = 1><div class = \"eltd-ptf-list-holder clearfix\" ><article class=\"eltd-portfolio-item mix portfolio_category_355\" >\n\t<div class = \"eltd-item-image-holder\">\n\t\t<a href=\"https:\/\/conzelmann-bisingen.com\/fr\/gaufrage-aveugle\/\" class=\"eltd-portfolio-link\"><\/a>\n\t\t<div class=\"eltd-ptf-image-holder\">\n\t\t\t<img fetchpriority=\"high\" decoding=\"async\" width=\"470\" height=\"470\" src=\"https:\/\/conzelmann-bisingen.com\/wp-content\/uploads\/2019\/07\/Blindpraegung.png\" class=\"attachment-chandelier_elated_square size-chandelier_elated_square wp-post-image\" alt=\"Machine \u00e0 feuille de gaufrage\" srcset=\"https:\/\/conzelmann-bisingen.com\/wp-content\/uploads\/2019\/07\/Blindpraegung.png 470w, https:\/\/conzelmann-bisingen.com\/wp-content\/uploads\/2019\/07\/Blindpraegung-150x150.png 150w, https:\/\/conzelmann-bisingen.com\/wp-content\/uploads\/2019\/07\/Blindpraegung-300x300.png 300w, https:\/\/conzelmann-bisingen.com\/wp-content\/uploads\/2019\/07\/Blindpraegung-100x100.png 100w\" sizes=\"(max-width: 470px) 100vw, 470px\" \/>\t\t<\/div>\t\n\t\t<div class=\"eltd-item-text-holder\">\n\t\t\t<h6 class=\"eltd-item-title\">\n\t\t\t\t<a href=\"https:\/\/conzelmann-bisingen.com\/fr\/gaufrage-aveugle\/\">\n\t\t\t\t\tGaufrage\t\t\t\t<\/a>\t\n\t\t\t<\/h6>\n\t\t\t<div class=\"eltd-ptf-category-holder\"><span>Portefeuille de produits<\/span><\/div>\t\t<\/div>\n\t<\/div>\n<\/article>\n<article class=\"eltd-portfolio-item mix portfolio_category_355\" >\n\t<div class = \"eltd-item-image-holder\">\n\t\t<a href=\"https:\/\/conzelmann-bisingen.com\/fr\/impression-en-relief\/\" class=\"eltd-portfolio-link\"><\/a>\n\t\t<div class=\"eltd-ptf-image-holder\">\n\t\t\t<img decoding=\"async\" width=\"550\" height=\"550\" src=\"https:\/\/conzelmann-bisingen.com\/wp-content\/uploads\/2019\/11\/Thermo-Relief0025-550x550.jpg\" class=\"attachment-chandelier_elated_square size-chandelier_elated_square wp-post-image\" alt=\"\" srcset=\"https:\/\/conzelmann-bisingen.com\/wp-content\/uploads\/2019\/11\/Thermo-Relief0025-550x550.jpg 550w, https:\/\/conzelmann-bisingen.com\/wp-content\/uploads\/2019\/11\/Thermo-Relief0025-150x150.jpg 150w, https:\/\/conzelmann-bisingen.com\/wp-content\/uploads\/2019\/11\/Thermo-Relief0025-1000x1000.jpg 1000w\" sizes=\"(max-width: 550px) 100vw, 550px\" \/>\t\t<\/div>\t\n\t\t<div class=\"eltd-item-text-holder\">\n\t\t\t<h6 class=\"eltd-item-title\">\n\t\t\t\t<a href=\"https:\/\/conzelmann-bisingen.com\/fr\/impression-en-relief\/\">\n\t\t\t\t\tImpression en relief\t\t\t\t<\/a>\t\n\t\t\t<\/h6>\n\t\t\t<div class=\"eltd-ptf-category-holder\"><span>Portefeuille de produits<\/span><\/div>\t\t<\/div>\n\t<\/div>\n<\/article>\n<article class=\"eltd-portfolio-item mix portfolio_category_355\" >\n\t<div class = \"eltd-item-image-holder\">\n\t\t<a href=\"https:\/\/conzelmann-bisingen.com\/fr\/estampage-chaud\/\" class=\"eltd-portfolio-link\"><\/a>\n\t\t<div class=\"eltd-ptf-image-holder\">\n\t\t\t<img decoding=\"async\" width=\"550\" height=\"550\" src=\"https:\/\/conzelmann-bisingen.com\/wp-content\/uploads\/2019\/09\/novum-magazine-2019-10-website-header-550x550.jpg\" class=\"attachment-chandelier_elated_square size-chandelier_elated_square wp-post-image\" alt=\"\" srcset=\"https:\/\/conzelmann-bisingen.com\/wp-content\/uploads\/2019\/09\/novum-magazine-2019-10-website-header-550x550.jpg 550w, https:\/\/conzelmann-bisingen.com\/wp-content\/uploads\/2019\/09\/novum-magazine-2019-10-website-header-150x150.jpg 150w, https:\/\/conzelmann-bisingen.com\/wp-content\/uploads\/2019\/09\/novum-magazine-2019-10-website-header-1000x1000.jpg 1000w\" sizes=\"(max-width: 550px) 100vw, 550px\" \/>\t\t<\/div>\t\n\t\t<div class=\"eltd-item-text-holder\">\n\t\t\t<h6 class=\"eltd-item-title\">\n\t\t\t\t<a href=\"https:\/\/conzelmann-bisingen.com\/fr\/estampage-chaud\/\">\n\t\t\t\t\tEstampage \u00e0 chaud\t\t\t\t<\/a>\t\n\t\t\t<\/h6>\n\t\t\t<div class=\"eltd-ptf-category-holder\"><span>Portefeuille de produits<\/span><\/div>\t\t<\/div>\n\t<\/div>\n<\/article>\n<article class=\"eltd-portfolio-item mix portfolio_category_355\" >\n\t<div class = \"eltd-item-image-holder\">\n\t\t<a href=\"https:\/\/conzelmann-bisingen.com\/fr\/gravure-sur-acier\/\" class=\"eltd-portfolio-link\"><\/a>\n\t\t<div class=\"eltd-ptf-image-holder\">\n\t\t\t<img loading=\"lazy\" decoding=\"async\" width=\"550\" height=\"550\" src=\"https:\/\/conzelmann-bisingen.com\/wp-content\/uploads\/2019\/07\/stahlstich_gravurplatte-550x550.png\" class=\"attachment-chandelier_elated_square size-chandelier_elated_square wp-post-image\" alt=\"\" srcset=\"https:\/\/conzelmann-bisingen.com\/wp-content\/uploads\/2019\/07\/stahlstich_gravurplatte-550x550.png 550w, https:\/\/conzelmann-bisingen.com\/wp-content\/uploads\/2019\/07\/stahlstich_gravurplatte-150x150.png 150w\" sizes=\"(max-width: 550px) 100vw, 550px\" \/>\t\t<\/div>\t\n\t\t<div class=\"eltd-item-text-holder\">\n\t\t\t<h6 class=\"eltd-item-title\">\n\t\t\t\t<a href=\"https:\/\/conzelmann-bisingen.com\/fr\/gravure-sur-acier\/\">\n\t\t\t\t\tGravure sur acier\t\t\t\t<\/a>\t\n\t\t\t<\/h6>\n\t\t\t<div class=\"eltd-ptf-category-holder\"><span>Portefeuille de produits<\/span><\/div>\t\t<\/div>\n\t<\/div>\n<\/article>\n<article class=\"eltd-portfolio-item mix portfolio_category_355\" >\n\t<div class = \"eltd-item-image-holder\">\n\t\t<a href=\"https:\/\/conzelmann-bisingen.com\/fr\/etiquettes-adhesives\/\" class=\"eltd-portfolio-link\"><\/a>\n\t\t<div class=\"eltd-ptf-image-holder\">\n\t\t\t<img loading=\"lazy\" decoding=\"async\" width=\"550\" height=\"550\" src=\"https:\/\/conzelmann-bisingen.com\/wp-content\/uploads\/2019\/11\/Etiketten0014-550x550.jpg\" class=\"attachment-chandelier_elated_square size-chandelier_elated_square wp-post-image\" alt=\"\" srcset=\"https:\/\/conzelmann-bisingen.com\/wp-content\/uploads\/2019\/11\/Etiketten0014-550x550.jpg 550w, https:\/\/conzelmann-bisingen.com\/wp-content\/uploads\/2019\/11\/Etiketten0014-150x150.jpg 150w, https:\/\/conzelmann-bisingen.com\/wp-content\/uploads\/2019\/11\/Etiketten0014-1000x1000.jpg 1000w\" sizes=\"(max-width: 550px) 100vw, 550px\" \/>\t\t<\/div>\t\n\t\t<div class=\"eltd-item-text-holder\">\n\t\t\t<h6 class=\"eltd-item-title\">\n\t\t\t\t<a href=\"https:\/\/conzelmann-bisingen.com\/fr\/etiquettes-adhesives\/\">\n\t\t\t\t\t\u00c9tiquettes adh\u00e9sives\t\t\t\t<\/a>\t\n\t\t\t<\/h6>\n\t\t\t<div class=\"eltd-ptf-category-holder\"><span>Portefeuille de produits<\/span><\/div>\t\t<\/div>\n\t<\/div>\n<\/article>\n<article class=\"eltd-portfolio-item mix portfolio_category_355\" >\n\t<div class = \"eltd-item-image-holder\">\n\t\t<a href=\"https:\/\/conzelmann-bisingen.com\/fr\/marques-de-sceau\/\" class=\"eltd-portfolio-link\"><\/a>\n\t\t<div class=\"eltd-ptf-image-holder\">\n\t\t\t<img loading=\"lazy\" decoding=\"async\" width=\"550\" height=\"550\" src=\"https:\/\/conzelmann-bisingen.com\/wp-content\/uploads\/2019\/11\/Sensus0031-550x550.jpg\" class=\"attachment-chandelier_elated_square size-chandelier_elated_square wp-post-image\" alt=\"\" srcset=\"https:\/\/conzelmann-bisingen.com\/wp-content\/uploads\/2019\/11\/Sensus0031-550x550.jpg 550w, https:\/\/conzelmann-bisingen.com\/wp-content\/uploads\/2019\/11\/Sensus0031-150x150.jpg 150w, https:\/\/conzelmann-bisingen.com\/wp-content\/uploads\/2019\/11\/Sensus0031-1000x1000.jpg 1000w\" sizes=\"(max-width: 550px) 100vw, 550px\" \/>\t\t<\/div>\t\n\t\t<div class=\"eltd-item-text-holder\">\n\t\t\t<h6 class=\"eltd-item-title\">\n\t\t\t\t<a href=\"https:\/\/conzelmann-bisingen.com\/fr\/marques-de-sceau\/\">\n\t\t\t\t\tMarques de sceau\t\t\t\t<\/a>\t\n\t\t\t<\/h6>\n\t\t\t<div class=\"eltd-ptf-category-holder\"><span>Portefeuille de produits<\/span><\/div>\t\t<\/div>\n\t<\/div>\n<\/article>\n<\/div><\/div>[vc_empty_space height=\u00a0\u00bb60px\u00a0\u00bb][\/vc_column][\/vc_row]<\/p>\n<\/div>","protected":false},"excerpt":{"rendered":"<p>[vc_row row_type=\u00a0\u00bbrow\u00a0\u00bb content_width=\u00a0\u00bbfull-width\u00a0\u00bb anchor=\u00a0\u00bb\u00a0\u00bb content_aligment=\u00a0\u00bbleft\u00a0\u00bb css_animation=\u00a0\u00bb\u00a0\u00bb][vc_column width=\u00a0\u00bb1\/6&Prime;][\/vc_column][vc_column width=\u00a0\u00bb2\/3&Prime;][vc_empty_space height=\u00a0\u00bb22px\u00a0\u00bb][vc_empty_space height=\u00a0\u00bb12px\u00a0\u00bb][vc_column_text]Nos produits sont le r\u00e9sultat de notre passion pour la finition. Laissez-vous inspirer par des optiques sp\u00e9ciales et des exp\u00e9riences haptiques. Nous serons heureux de vous envoyer des \u00e9chantillons s\u00e9lectionn\u00e9s sur demande.[\/vc_column_text][vc_empty_space height=\u00a0\u00bb33px\u00a0\u00bb][\/vc_column][vc_column width=\u00a0\u00bb1\/6&Prime;][\/vc_column][\/vc_row][vc_row row_type=\u00a0\u00bbrow\u00a0\u00bb content_width=\u00a0\u00bbfull-width\u00a0\u00bb&#8230;<\/p>\n","protected":false},"author":1,"featured_media":0,"parent":0,"menu_order":0,"comment_status":"closed","ping_status":"closed","template":"full-width.php","meta":{"footnotes":""},"class_list":["post-6448","page","type-page","status-publish","hentry"],"_links":{"self":[{"href":"https:\/\/conzelmann-bisingen.com\/fr\/wp-json\/wp\/v2\/pages\/6448","targetHints":{"allow":["GET"]}}],"collection":[{"href":"https:\/\/conzelmann-bisingen.com\/fr\/wp-json\/wp\/v2\/pages"}],"about":[{"href":"https:\/\/conzelmann-bisingen.com\/fr\/wp-json\/wp\/v2\/types\/page"}],"author":[{"embeddable":true,"href":"https:\/\/conzelmann-bisingen.com\/fr\/wp-json\/wp\/v2\/users\/1"}],"replies":[{"embeddable":true,"href":"https:\/\/conzelmann-bisingen.com\/fr\/wp-json\/wp\/v2\/comments?post=6448"}],"version-history":[{"count":10,"href":"https:\/\/conzelmann-bisingen.com\/fr\/wp-json\/wp\/v2\/pages\/6448\/revisions"}],"predecessor-version":[{"id":7188,"href":"https:\/\/conzelmann-bisingen.com\/fr\/wp-json\/wp\/v2\/pages\/6448\/revisions\/7188"}],"wp:attachment":[{"href":"https:\/\/conzelmann-bisingen.com\/fr\/wp-json\/wp\/v2\/media?parent=6448"}],"curies":[{"name":"wp","href":"https:\/\/api.w.org\/{rel}","templated":true}]}}