{"id":6449,"date":"2019-06-12T14:27:12","date_gmt":"2019-06-12T12:27:12","guid":{"rendered":"https:\/\/conzelmann-bisingen.com\/impressum\/"},"modified":"2025-10-10T10:52:31","modified_gmt":"2025-10-10T08:52:31","slug":"imprimer","status":"publish","type":"page","link":"https:\/\/conzelmann-bisingen.com\/fr\/imprimer\/","title":{"rendered":"Imprimer"},"content":{"rendered":"\t\t<div data-elementor-type=\"wp-post\" data-elementor-id=\"6449\" class=\"elementor elementor-6449 elementor-37\">\n\t\t\t\t\t\t<section class=\"elementor-section elementor-top-section elementor-element elementor-element-51754ed elementor-section-boxed elementor-section-height-default elementor-section-height-default\" data-id=\"51754ed\" data-element_type=\"section\" data-e-type=\"section\">\n\t\t\t\t\t\t<div class=\"elementor-container elementor-column-gap-default\">\n\t\t\t\t\t<div class=\"elementor-column elementor-col-100 elementor-top-column elementor-element elementor-element-72e7407a\" data-id=\"72e7407a\" data-element_type=\"column\" data-e-type=\"column\">\n\t\t\t<div class=\"elementor-widget-wrap elementor-element-populated\">\n\t\t\t\t\t\t<div class=\"elementor-element elementor-element-252b033b elementor-widget elementor-widget-text-editor\" data-id=\"252b033b\" data-element_type=\"widget\" data-e-type=\"widget\" data-widget_type=\"text-editor.default\">\n\t\t\t\t<div class=\"elementor-widget-container\">\n\t\t\t\t\t\t\t\t\t<h1>Imprimer<\/h1><h2>August Conzelmann Graphischer Betrieb\u00a0e.K.<\/h2><p>Exploitation graphique<\/p><p>Untere Koppenhalde 13<br \/>72406 Bisingen, Allemagne<\/p><p>Registre du commerce : HRA 742679<br \/>Tribunal d&rsquo;enregistrement : Tribunal d&rsquo;enregistrement de Stuttgart<\/p><p><strong>Repr\u00e9sent\u00e9 par :<\/strong><br \/>Willi Conzelmann<\/p><p><strong>Contacter<\/strong><\/p><p>T\u00e9l\u00e9phone : +49 (0) 7476 9441 0<br \/>T\u00e9l\u00e9copieur : +49 (0) 7476 9441 20<br \/>Courriel : druckerei@conzelmann-bisingen.com<\/p><p><strong>Num\u00e9ro d&rsquo;identification fiscale<\/strong><\/p><p>Num\u00e9ro d&rsquo;identification de la taxe de vente selon \u00a727 a loi sur la taxe de vente :<br \/>DE 289480041<\/p><p>Nous ne sommes ni dispos\u00e9s ni oblig\u00e9s de participer \u00e0 une proc\u00e9dure de r\u00e8glement des diff\u00e9rends devant un conseil d&rsquo;arbitrage des consommateurs.<\/p><p><strong>Conception et r\u00e9alisation<\/strong><\/p><p><span style=\"color: #999999;\"><a style=\"color: #999999;\" href=\"http:\/\/daskreativbuero.de\/\" target=\"_blank\" rel=\"noopener\">LOGO! dasKreativb\u00fcro<\/a><\/span><\/p><p>Anette Ganter<br \/>Untere Vorstadt 43<br \/>72458 Albstadt, Allemagne<br \/>T\u00e9l\u00e9phone : 07431 3063575<br \/>info@daskreativbuero.de<\/p><p><strong>Cr\u00e9dit photo<\/strong><\/p><p>novum | Couverture du num\u00e9ro 10\/2019 : Janina Engel et Tobias Holzmann<br \/>Photos de produits (gaufrage \u00e0 l&rsquo;aveugle \/ feuille de gaufrage avec finition laser) : LOGO! dasKreativb\u00fcro<br \/>Photos produits, outils, machines: Willi Conzelmann<\/p><h2>\u00a0<\/h2><h2>Responsabilit\u00e9 pour le contenu<\/h2><p>En tant que prestataire de services, nous sommes responsables de notre propre contenu sur ces pages conform\u00e9ment au droit g\u00e9n\u00e9ral conform\u00e9ment \u00e0 l&rsquo;article 7 (1) TMG. Conform\u00e9ment aux \u00a7\u00a7 8 \u00e0 10 TMG, en tant que prestataire de services, nous ne sommes pas tenus de surveiller les informations de tiers transmises ou stock\u00e9es ou d&rsquo;enqu\u00eater sur les circonstances indiquant une activit\u00e9 ill\u00e9gale.<\/p><p>Les obligations de supprimer ou de bloquer l&rsquo;utilisation des informations conform\u00e9ment aux lois g\u00e9n\u00e9rales restent inchang\u00e9es. Cependant, la responsabilit\u00e9 \u00e0 cet \u00e9gard n&rsquo;est possible qu&rsquo;\u00e0 partir du moment o\u00f9 nous avons connaissance d&rsquo;une violation l\u00e9gale sp\u00e9cifique. D\u00e8s que nous aurons connaissance de telles violations l\u00e9gales, nous supprimerons ce contenu imm\u00e9diatement.<\/p><h2>\u00a0<\/h2><h2>Responsabilit\u00e9 pour les liens<\/h2><p>Notre offre contient des liens vers des sites Web externes de tiers, sur le contenu desquels nous n&rsquo;avons aucune influence. Par cons\u00e9quent, nous ne pouvons accepter aucune responsabilit\u00e9 pour ce contenu de tiers. Le fournisseur ou l&rsquo;exploitant respectif des pages est toujours responsable du contenu des pages li\u00e9es. Les pages li\u00e9es ont \u00e9t\u00e9 v\u00e9rifi\u00e9es pour d&rsquo;\u00e9ventuelles violations de la loi au moment o\u00f9 elles ont \u00e9t\u00e9 li\u00e9es. Aucun contenu ill\u00e9gal n&rsquo;a \u00e9t\u00e9 trouv\u00e9 au moment de la cr\u00e9ation du lien.<\/p><p>Une surveillance permanente du contenu des pages li\u00e9es n&rsquo;est pas raisonnable sans preuve concr\u00e8te d&rsquo;une violation de la loi. D\u00e8s que nous aurons connaissance de violations de la loi, nous supprimerons imm\u00e9diatement ces liens.<\/p><h2>\u00a0<\/h2><h2>Droits d&rsquo;auteur<\/h2><p>Le contenu et les \u0153uvres de ces pages cr\u00e9\u00e9es par l&rsquo;exploitant du site Web sont soumis \u00e0 la loi allemande sur le droit d&rsquo;auteur. La duplication, le traitement, la distribution et tout type d&rsquo;exploitation en dehors des limites du droit d&rsquo;auteur n\u00e9cessitent le consentement \u00e9crit de l&rsquo;auteur ou du cr\u00e9ateur respectif. Les t\u00e9l\u00e9chargements et les copies de ce site Web ne sont autoris\u00e9s que pour un usage priv\u00e9 et non commercial<\/p><p>Dans la mesure o\u00f9 le contenu de ce site n&rsquo;a pas \u00e9t\u00e9 cr\u00e9\u00e9 par l&rsquo;exploitant, les droits d&rsquo;auteur de tiers sont respect\u00e9s. En particulier, les contenus de tiers sont marqu\u00e9s comme tels. Si vous aviez n\u00e9anmoins connaissance d&rsquo;une violation du droit d&rsquo;auteur, nous vous demandons de nous en informer en cons\u00e9quence. Si nous avons connaissance de violations de la loi, nous supprimerons imm\u00e9diatement ce contenu.<\/p>\t\t\t\t\t\t\t\t<\/div>\n\t\t\t\t<\/div>\n\t\t\t\t\t<\/div>\n\t\t<\/div>\n\t\t\t\t\t<\/div>\n\t\t<\/section>\n\t\t\t\t<\/div>\n\t\t","protected":false},"excerpt":{"rendered":"<p>Imprimer August Conzelmann Graphischer Betrieb\u00a0e.K. Exploitation graphique Untere Koppenhalde 1372406 Bisingen, Allemagne Registre du commerce : HRA 742679Tribunal d&rsquo;enregistrement : Tribunal d&rsquo;enregistrement de Stuttgart Repr\u00e9sent\u00e9 par :Willi Conzelmann Contacter T\u00e9l\u00e9phone : +49 (0) 7476 9441 0T\u00e9l\u00e9copieur : +49 (0) 7476 9441 20Courriel : druckerei@conzelmann-bisingen.com Num\u00e9ro&#8230;<\/p>\n","protected":false},"author":1,"featured_media":0,"parent":0,"menu_order":950,"comment_status":"closed","ping_status":"closed","template":"","meta":{"footnotes":""},"class_list":["post-6449","page","type-page","status-publish","hentry"],"_links":{"self":[{"href":"https:\/\/conzelmann-bisingen.com\/fr\/wp-json\/wp\/v2\/pages\/6449","targetHints":{"allow":["GET"]}}],"collection":[{"href":"https:\/\/conzelmann-bisingen.com\/fr\/wp-json\/wp\/v2\/pages"}],"about":[{"href":"https:\/\/conzelmann-bisingen.com\/fr\/wp-json\/wp\/v2\/types\/page"}],"author":[{"embeddable":true,"href":"https:\/\/conzelmann-bisingen.com\/fr\/wp-json\/wp\/v2\/users\/1"}],"replies":[{"embeddable":true,"href":"https:\/\/conzelmann-bisingen.com\/fr\/wp-json\/wp\/v2\/comments?post=6449"}],"version-history":[{"count":18,"href":"https:\/\/conzelmann-bisingen.com\/fr\/wp-json\/wp\/v2\/pages\/6449\/revisions"}],"predecessor-version":[{"id":7381,"href":"https:\/\/conzelmann-bisingen.com\/fr\/wp-json\/wp\/v2\/pages\/6449\/revisions\/7381"}],"wp:attachment":[{"href":"https:\/\/conzelmann-bisingen.com\/fr\/wp-json\/wp\/v2\/media?parent=6449"}],"curies":[{"name":"wp","href":"https:\/\/api.w.org\/{rel}","templated":true}]}}