{"id":6454,"date":"2019-06-06T10:52:00","date_gmt":"2019-06-06T08:52:00","guid":{"rendered":"https:\/\/conzelmann-bisingen.com\/datenschutzerklaerung\/"},"modified":"2025-10-10T12:01:15","modified_gmt":"2025-10-10T10:01:15","slug":"protection-des-donnees","status":"publish","type":"page","link":"https:\/\/conzelmann-bisingen.com\/fr\/protection-des-donnees\/","title":{"rendered":"Protection des donn\u00e9es"},"content":{"rendered":"\t\t<div data-elementor-type=\"wp-post\" data-elementor-id=\"6454\" class=\"elementor elementor-6454 elementor-3\">\n\t\t\t\t\t\t<section class=\"elementor-section elementor-top-section elementor-element elementor-element-324876df elementor-section-boxed elementor-section-height-default elementor-section-height-default\" data-id=\"324876df\" data-element_type=\"section\" data-e-type=\"section\">\n\t\t\t\t\t\t<div class=\"elementor-container elementor-column-gap-default\">\n\t\t\t\t\t<div class=\"elementor-column elementor-col-100 elementor-top-column elementor-element elementor-element-314994a8\" data-id=\"314994a8\" data-element_type=\"column\" data-e-type=\"column\">\n\t\t\t<div class=\"elementor-widget-wrap elementor-element-populated\">\n\t\t\t\t\t\t<div class=\"elementor-element elementor-element-25504c1e elementor-widget elementor-widget-text-editor\" data-id=\"25504c1e\" data-element_type=\"widget\" data-e-type=\"widget\" data-widget_type=\"text-editor.default\">\n\t\t\t\t<div class=\"elementor-widget-container\">\n\t\t\t\t\t\t\t\t\t<h1>Protection des donn\u00e9es<\/h1><h2>1. La protection des donn\u00e9es en un coup d&rsquo;\u0153il<\/h2><p><strong>Informations g\u00e9n\u00e9rales<\/strong><\/p><p>Les informations suivantes donnent un simple aper\u00e7u de ce qu&rsquo;il advient de vos donn\u00e9es personnelles lorsque vous visitez notre site Web. Les donn\u00e9es personnelles sont toutes les donn\u00e9es avec lesquelles vous pouvez \u00eatre personnellement identifi\u00e9. Vous trouverez des informations d\u00e9taill\u00e9es sur le sujet de la protection des donn\u00e9es dans notre d\u00e9claration de protection des donn\u00e9es sous ce texte.<\/p><p><strong>Collecte de donn\u00e9es sur notre site Web<\/strong><\/p><p><strong>Qui est responsable de la collecte des donn\u00e9es sur ce site Web ?<\/strong><\/p><p>Le traitement des donn\u00e9es sur ce site Web est effectu\u00e9 par l&rsquo;exploitant du site Web. Vous trouverez leurs coordonn\u00e9es dans les mentions l\u00e9gales de ce site.<\/p><p><strong>Comment collectons-nous vos donn\u00e9es ?<\/strong><\/p><p>D&rsquo;une part, vos donn\u00e9es sont collect\u00e9es lorsque vous nous les communiquez. Cela peut \u00eatre, pour. Par exemple, les donn\u00e9es que vous saisissez dans un formulaire de contact.<\/p><p>D&rsquo;autres donn\u00e9es sont automatiquement enregistr\u00e9es par nos syst\u00e8mes informatiques lorsque vous visitez le site. Il s&rsquo;agit principalement de donn\u00e9es techniques (par exemple, navigateur Internet, syst\u00e8me d&rsquo;exploitation ou heure de consultation de la page). Ces donn\u00e9es sont collect\u00e9es automatiquement d\u00e8s que vous entrez sur notre site Web.<\/p><p><strong>Pour quoi utilisons-nous vos donn\u00e9es ?<\/strong><\/p><p>Certaines des donn\u00e9es sont collect\u00e9es afin de garantir que le site Web est exempt d&rsquo;erreurs. D&rsquo;autres donn\u00e9es peuvent \u00eatre utilis\u00e9es pour analyser votre comportement d&rsquo;utilisateur.<\/p><p><strong>De quels droits disposez-vous sur vos donn\u00e9es ?<\/strong><\/p><p>Vous avez le droit de recevoir gratuitement \u00e0 tout moment des informations sur l&rsquo;origine, le destinataire et la finalit\u00e9 de vos donn\u00e9es personnelles stock\u00e9es. Vous avez \u00e9galement le droit de demander la rectification, le blocage ou la suppression de ces donn\u00e9es. Vous pouvez nous contacter \u00e0 tout moment \u00e0 l&rsquo;adresse indiqu\u00e9e dans les mentions l\u00e9gales si vous avez d&rsquo;autres questions au sujet de la protection des donn\u00e9es. Vous avez \u00e9galement le droit de d\u00e9poser une r\u00e9clamation aupr\u00e8s de l&rsquo;autorit\u00e9 de contr\u00f4le comp\u00e9tente.<\/p><p>Vous avez \u00e9galement le droit de demander que le traitement de vos donn\u00e9es personnelles soit limit\u00e9 dans certaines circonstances. Vous trouverez des d\u00e9tails dans la d\u00e9claration de protection des donn\u00e9es sous \u00ab Droit \u00e0 la limitation du traitement \u00bb.<\/p><h2>2. Informations g\u00e9n\u00e9rales et informations obligatoires<\/h2><p><strong>Intimit\u00e9<\/strong><\/p><p>Les exploitants de ce site Internet prennent tr\u00e8s au s\u00e9rieux la protection de vos donn\u00e9es personnelles. Nous traitons vos donn\u00e9es personnelles de mani\u00e8re confidentielle et conform\u00e9ment aux dispositions l\u00e9gales en mati\u00e8re de protection des donn\u00e9es et \u00e0 la pr\u00e9sente d\u00e9claration de protection des donn\u00e9es.<\/p><p>Lorsque vous utilisez ce site Internet, diverses donn\u00e9es personnelles sont collect\u00e9es. Les donn\u00e9es personnelles sont des donn\u00e9es avec lesquelles vous pouvez vous identifier personnellement. Cette d\u00e9claration de protection des donn\u00e9es explique quelles donn\u00e9es nous collectons et dans quel but nous les utilisons. Il explique \u00e9galement comment et dans quel but cela est fait.<\/p><p>Nous attirons votre attention sur le fait que la transmission de donn\u00e9es sur Internet (par exemple lors de la communication par e-mail) peut pr\u00e9senter des failles de s\u00e9curit\u00e9. Une protection compl\u00e8te des donn\u00e9es contre l&rsquo;acc\u00e8s par des tiers n&rsquo;est pas possible.<\/p><p><strong>Note sur l&rsquo;organisme responsable<\/strong><\/p><p>Le responsable du traitement des donn\u00e9es sur ce site Internet est :<\/p><p>August Conzelmann Graphischer Betrieb e.K.<br \/>Willi Conzelmann<br \/>Untere Koppenhalde 13<br \/>72406 Bisingen<br \/>Allemagne<\/p><p>T\u00e9l\u00e9phone : +49 (0) 7476 9441-0<br \/>Courriel : druckerei@conzelmann-bisingen.de<\/p><p>Le responsable est la personne physique ou morale qui, seule ou conjointement avec d&rsquo;autres, d\u00e9cide des finalit\u00e9s et des moyens du traitement des donn\u00e9es personnelles (par exemple, noms, adresses \u00e9lectroniques, etc.).<\/p><p><strong>R\u00e9vocation de votre consentement au traitement des donn\u00e9es<\/strong><\/p><p>De nombreux traitements de donn\u00e9es ne sont possibles qu&rsquo;avec votre consentement expr\u00e8s. Vous pouvez r\u00e9voquer votre consentement \u00e0 tout moment. Un e-mail informel \u00e0 nous est suffisant. La l\u00e9galit\u00e9 du traitement des donn\u00e9es effectu\u00e9 avant la r\u00e9vocation n&rsquo;est pas affect\u00e9e par la r\u00e9vocation.<\/p><p><strong>Droit de s&rsquo;opposer \u00e0 la collecte de donn\u00e9es dans des cas particuliers et \u00e0 la publicit\u00e9 directe (art. 21 RGPD)<\/strong><\/p><p><strong>Si le traitement des donn\u00e9es a lieu sur la base de l&rsquo;article 6, paragraphe 1, lettre e ou f du RGPD, vous avez le droit \u00e0 tout moment de vous opposer au traitement de vos donn\u00e9es personnelles pour des raisons qui d\u00e9coulent de votre situation particuli\u00e8re ; cela s&rsquo;applique \u00e9galement au profilage fond\u00e9 sur ces dispositions. La base juridique respective sur laquelle le traitement est bas\u00e9 peut \u00eatre trouv\u00e9e dans cette d\u00e9claration de protection des donn\u00e9es. Si vous vous y opposez, nous ne traiterons plus vos donn\u00e9es personnelles concern\u00e9es, \u00e0 moins que nous puissions prouver des raisons l\u00e9gitimes et imp\u00e9rieuses pour le traitement qui l&#8217;emportent sur vos int\u00e9r\u00eats, droits et libert\u00e9s ou que le traitement sert \u00e0 faire valoir, exercer ou d\u00e9fendre des droits l\u00e9gaux ( Objection selon l&rsquo;art. 21 Paragraphe 1 du RGPD).<\/strong><\/p><p><strong>Si vos donn\u00e9es personnelles sont trait\u00e9es afin d&rsquo;op\u00e9rer un publipostage, vous avez le droit de vous opposer \u00e0 tout moment au traitement des donn\u00e9es personnelles vous concernant aux fins d&rsquo;une telle publicit\u00e9 ; ceci s&rsquo;applique \u00e9galement au profilage dans la mesure o\u00f9 il est associ\u00e9 \u00e0 une telle publicit\u00e9 directe. Si vous vous y opposez, vos donn\u00e9es personnelles ne seront alors plus utilis\u00e9es \u00e0 des fins de marketing direct (objection selon l&rsquo;art. 21 alin\u00e9a 2 RGPD).<\/strong><\/p><p><strong>Droit de recours aupr\u00e8s de l&rsquo;autorit\u00e9 de contr\u00f4le comp\u00e9tente<\/strong><\/p><p>En cas de violation du RGPD, les personnes concern\u00e9es ont le droit de d\u00e9poser une plainte aupr\u00e8s d&rsquo;une autorit\u00e9 de contr\u00f4le, notamment dans l&rsquo;\u00c9tat membre de leur r\u00e9sidence habituelle, de leur lieu de travail ou du lieu de la violation all\u00e9gu\u00e9e. Le droit de recours existe sans pr\u00e9judice d&rsquo;autres recours administratifs ou judiciaires.<\/p><p><strong>Droit \u00e0 la portabilit\u00e9 des donn\u00e9es<\/strong><\/p><p>Vous avez le droit que les donn\u00e9es que nous traitons automatiquement sur la base de votre consentement ou en ex\u00e9cution d&rsquo;un contrat vous soient remises ou \u00e0 un tiers dans un format commun lisible par machine. Si vous demandez le transfert direct des donn\u00e9es \u00e0 une autre personne responsable, cela ne sera fait que si cela est techniquement possible.<\/p><p><strong>Cryptage SSL ou TLS<\/strong><\/p><p>Pour des raisons de s\u00e9curit\u00e9 et pour prot\u00e9ger la transmission de contenus confidentiels, tels que les commandes ou les demandes de renseignements que vous nous envoyez en tant qu&rsquo;exploitant du site Web, ce site utilise le cryptage SSL ou TLS. Vous pouvez reconna\u00eetre une connexion crypt\u00e9e par le fait que la ligne d&rsquo;adresse du navigateur passe de \u00ab\u00a0http:\/\/\u00a0\u00bb \u00e0 \u00ab\u00a0https:\/\/\u00a0\u00bb et par le symbole de cadenas dans la ligne de votre navigateur.<\/p><p>Si le cryptage SSL ou TLS est activ\u00e9, les donn\u00e9es que vous nous transmettez ne peuvent pas \u00eatre lues par des tiers.<\/p><p><strong>Information, blocage, suppression et correction<\/strong><\/p><p>Dans le cadre des dispositions l\u00e9gales applicables, vous disposez d&rsquo;un droit d&rsquo;information gratuit sur vos donn\u00e9es personnelles stock\u00e9es, leur origine et destinataire et la finalit\u00e9 du traitement des donn\u00e9es et, le cas \u00e9ch\u00e9ant, un droit de rectification, de blocage ou de suppression de ces donn\u00e9es. Vous pouvez nous contacter \u00e0 tout moment \u00e0 l&rsquo;adresse indiqu\u00e9e dans les mentions l\u00e9gales si vous avez d&rsquo;autres questions au sujet des donn\u00e9es personnelles.<\/p><p><strong>Droit \u00e0 la limitation du traitement<\/strong><\/p><p>Vous avez le droit de demander que le traitement de vos donn\u00e9es personnelles soit limit\u00e9. Vous pouvez nous contacter \u00e0 tout moment \u00e0 l&rsquo;adresse indiqu\u00e9e dans les mentions l\u00e9gales. Le droit \u00e0 la limitation du traitement existe dans les cas suivants :<\/p><ul><li>Si vous contestez l&rsquo;exactitude de vos donn\u00e9es personnelles que nous stockons, nous avons g\u00e9n\u00e9ralement besoin de temps pour les v\u00e9rifier. Pendant la dur\u00e9e du test, vous avez le droit de demander que le traitement de vos donn\u00e9es personnelles soit limit\u00e9.<\/li><li>Si le traitement de vos donn\u00e9es personnelles s&rsquo;est produit \/ se produit ill\u00e9galement, vous pouvez demander la restriction du traitement des donn\u00e9es au lieu de la suppression.<\/li><li>Si nous n&rsquo;avons plus besoin de vos donn\u00e9es personnelles, mais que vous en avez besoin pour exercer, d\u00e9fendre ou faire valoir des droits l\u00e9gaux, vous avez le droit de demander que le traitement de vos donn\u00e9es personnelles soit limit\u00e9 au lieu d&rsquo;\u00eatre supprim\u00e9.<\/li><li>Si vous avez d\u00e9pos\u00e9 une objection conform\u00e9ment \u00e0 l&rsquo;article 21, paragraphe 1 du RGPD, vos int\u00e9r\u00eats et les n\u00f4tres doivent \u00eatre mis en balance. Tant qu&rsquo;il n&rsquo;est pas encore clair quels int\u00e9r\u00eats pr\u00e9valent, vous avez le droit de demander que le traitement de vos donn\u00e9es personnelles soit limit\u00e9.<\/li><\/ul><p>Si vous avez limit\u00e9 le traitement de vos donn\u00e9es personnelles, ces donn\u00e9es \u2013 en dehors de leur stockage \u2013 ne peuvent \u00eatre utilis\u00e9es qu&rsquo;avec votre consentement ou pour la constatation, l&rsquo;exercice ou la d\u00e9fense de droits en justice ou pour la protection des droits d&rsquo;une autre personne physique ou morale ou pour des raisons d&rsquo;int\u00e9r\u00eat public importantes trait\u00e9es par l&rsquo;Union europ\u00e9enne ou un \u00c9tat membre.<\/p><p><strong>Objection aux e-mails publicitaires<\/strong><\/p><p>Nous nous opposons par la pr\u00e9sente \u00e0 l&rsquo;utilisation des donn\u00e9es de contact publi\u00e9es dans le cadre de l&rsquo;obligation d&rsquo;impression pour l&rsquo;envoi de mat\u00e9riel publicitaire et d&rsquo;information non sollicit\u00e9. Les exploitants des pages se r\u00e9servent express\u00e9ment le droit d&rsquo;intenter une action en justice en cas d&rsquo;envoi non sollicit\u00e9 d&rsquo;informations publicitaires, telles que des e-mails de spam.<\/p><h2>3. Collecte de donn\u00e9es sur notre site Web<\/h2><p><strong>Cookies<\/strong><\/p><p>Certaines pages Internet utilisent des cookies. Les cookies n&rsquo;endommagent pas votre ordinateur et ne contiennent pas de virus. Les cookies servent \u00e0 rendre notre offre plus conviviale, plus efficace et plus s\u00fbre. Les cookies sont de petits fichiers texte qui sont stock\u00e9s sur votre ordinateur et enregistr\u00e9s par votre navigateur.<\/p><p>La plupart des cookies que nous utilisons sont des \u00ab cookies de session \u00bb. Ils sont automatiquement supprim\u00e9s apr\u00e8s votre visite. Les autres cookies restent stock\u00e9s sur votre appareil jusqu&rsquo;\u00e0 ce que vous les supprimiez. Ces cookies nous permettent de reconna\u00eetre votre navigateur lors de votre prochaine visite.<\/p><p>Vous pouvez param\u00e9trer votre navigateur pour \u00eatre inform\u00e9 du param\u00e9trage des cookies et n&rsquo;autoriser les cookies que dans des cas individuels, exclure l&rsquo;acceptation des cookies dans certains cas ou en g\u00e9n\u00e9ral, et activer la suppression automatique des cookies lorsque vous fermez le navigateur. Si les cookies sont d\u00e9sactiv\u00e9s, la fonctionnalit\u00e9 de ce site Web peut \u00eatre restreinte.<\/p><p>Les cookies n\u00e9cessaires pour effectuer le processus de communication \u00e9lectronique ou pour fournir certaines fonctions dont vous avez besoin (par exemple, la fonction de panier d&rsquo;achat) sont stock\u00e9s sur la base de l&rsquo;article 6, paragraphe 1, lit.f du RGPD. L&rsquo;exploitant du site Web a un int\u00e9r\u00eat l\u00e9gitime au stockage de cookies pour la fourniture optimis\u00e9e et sans erreur technique de ses services. Si d&rsquo;autres cookies (par exemple des cookies pour analyser votre comportement de navigation) sont stock\u00e9s, ils seront trait\u00e9s s\u00e9par\u00e9ment dans cette d\u00e9claration de protection des donn\u00e9es.<\/p><p><strong>Fichiers journaux du serveur<\/strong><\/p><p>Le fournisseur du site Web collecte et stocke automatiquement des informations dans des fichiers journaux du serveur, que votre navigateur nous transmet automatiquement. Ceux-ci sont:<\/p><ul><li>Type de navigateur et version du navigateur<\/li><li>Le syst\u00e8me d&rsquo;exploitation utilis\u00e9<\/li><li>URL de r\u00e9f\u00e9rence<\/li><li>Nom d&rsquo;h\u00f4te de l&rsquo;ordinateur acc\u00e9dant<\/li><li>Heure de la demande du serveur<\/li><li>Adresse IP<\/li><\/ul><p>Ces donn\u00e9es ne seront pas fusionn\u00e9es avec d&rsquo;autres sources de donn\u00e9es.<\/p><p>Ces donn\u00e9es sont enregistr\u00e9es sur la base de l&rsquo;article 6, paragraphe 1, lettre f du RGPD. L&rsquo;exploitant du site Web a un int\u00e9r\u00eat l\u00e9gitime \u00e0 la pr\u00e9sentation et \u00e0 l&rsquo;optimisation techniquement exemptes d&rsquo;erreurs de son site Web \u2013 les fichiers journaux du serveur doivent \u00eatre enregistr\u00e9s \u00e0 cet effet.<\/p><p><strong>Formulaire de contact<\/strong><\/p><p>Si vous nous envoyez des demandes en utilisant le formulaire de contact, vos coordonn\u00e9es du formulaire de demande, y compris les coordonn\u00e9es que vous y avez fournies, seront stock\u00e9es par nous dans le but de traiter la demande et en cas de questions de suivi. Nous ne transmettons pas ces donn\u00e9es sans votre consentement.<\/p><p>Le traitement des donn\u00e9es saisies dans le formulaire de contact a lieu exclusivement sur la base de votre consentement (art. 6 al. 1 lit. a RGPD). Vous pouvez r\u00e9voquer ce consentement \u00e0 tout moment. Un e-mail informel \u00e0 nous est suffisant. La l\u00e9galit\u00e9 des traitements de donn\u00e9es effectu\u00e9s avant la r\u00e9vocation n&rsquo;est pas affect\u00e9e par la r\u00e9vocation.<\/p><p>Les donn\u00e9es que vous saisissez dans le formulaire de contact resteront avec nous jusqu&rsquo;\u00e0 ce que vous nous demandiez de les supprimer, de r\u00e9voquer votre consentement au stockage ou que le but du stockage des donn\u00e9es ne s&rsquo;applique plus (par exemple apr\u00e8s le traitement de votre demande). Les dispositions l\u00e9gales imp\u00e9ratives \u2013 en particulier les d\u00e9lais de conservation \u2013 restent inchang\u00e9es.<\/p><p><strong>Demandes par email, t\u00e9l\u00e9phone ou fax<\/strong><\/p><p>Si vous nous contactez par e-mail, t\u00e9l\u00e9phone ou fax, votre demande, y compris toutes les donn\u00e9es personnelles qui en d\u00e9coulent (nom, demande) seront stock\u00e9es et trait\u00e9es par nous dans le but de traiter votre demande. Nous ne transmettons pas ces donn\u00e9es sans votre consentement.<\/p><p>Ces donn\u00e9es sont trait\u00e9es sur la base de l&rsquo;article 6, paragraphe 1, point b) du RGPD, \u00e0 condition que votre demande soit li\u00e9e \u00e0 l&rsquo;ex\u00e9cution d&rsquo;un contrat ou soit n\u00e9cessaire \u00e0 l&rsquo;ex\u00e9cution de mesures pr\u00e9contractuelles. Dans tous les autres cas, le traitement est bas\u00e9 sur votre consentement (art. 6 al. 1 lit. a RGPD) et\/ou sur nos int\u00e9r\u00eats l\u00e9gitimes (art. 6 al. 1 lit.f RGPD), car nous avons un int\u00e9r\u00eat l\u00e9gitime dans le Traitement effectif des demandes qui nous sont envoy\u00e9es.<\/p><p>Les donn\u00e9es que vous nous envoyez via les demandes de contact resteront avec nous jusqu&rsquo;\u00e0 ce que vous nous demandiez de les supprimer, de r\u00e9voquer votre consentement au stockage ou que le but du stockage des donn\u00e9es ne s&rsquo;applique plus (par exemple apr\u00e8s le traitement de votre demande). Les dispositions l\u00e9gales imp\u00e9ratives \u2013 en particulier les d\u00e9lais de conservation l\u00e9gaux \u2013 restent inchang\u00e9es.<\/p>\t\t\t\t\t\t\t\t<\/div>\n\t\t\t\t<\/div>\n\t\t\t\t\t<\/div>\n\t\t<\/div>\n\t\t\t\t\t<\/div>\n\t\t<\/section>\n\t\t\t\t<\/div>\n\t\t","protected":false},"excerpt":{"rendered":"<p>Protection des donn\u00e9es 1. La protection des donn\u00e9es en un coup d&rsquo;\u0153il Informations g\u00e9n\u00e9rales Les informations suivantes donnent un simple aper\u00e7u de ce qu&rsquo;il advient de vos donn\u00e9es personnelles lorsque vous visitez notre site Web. Les donn\u00e9es personnelles sont toutes les donn\u00e9es avec lesquelles vous&#8230;<\/p>\n","protected":false},"author":1,"featured_media":0,"parent":0,"menu_order":1000,"comment_status":"closed","ping_status":"closed","template":"","meta":{"footnotes":""},"class_list":["post-6454","page","type-page","status-publish","hentry"],"_links":{"self":[{"href":"https:\/\/conzelmann-bisingen.com\/fr\/wp-json\/wp\/v2\/pages\/6454","targetHints":{"allow":["GET"]}}],"collection":[{"href":"https:\/\/conzelmann-bisingen.com\/fr\/wp-json\/wp\/v2\/pages"}],"about":[{"href":"https:\/\/conzelmann-bisingen.com\/fr\/wp-json\/wp\/v2\/types\/page"}],"author":[{"embeddable":true,"href":"https:\/\/conzelmann-bisingen.com\/fr\/wp-json\/wp\/v2\/users\/1"}],"replies":[{"embeddable":true,"href":"https:\/\/conzelmann-bisingen.com\/fr\/wp-json\/wp\/v2\/comments?post=6454"}],"version-history":[{"count":27,"href":"https:\/\/conzelmann-bisingen.com\/fr\/wp-json\/wp\/v2\/pages\/6454\/revisions"}],"predecessor-version":[{"id":7406,"href":"https:\/\/conzelmann-bisingen.com\/fr\/wp-json\/wp\/v2\/pages\/6454\/revisions\/7406"}],"wp:attachment":[{"href":"https:\/\/conzelmann-bisingen.com\/fr\/wp-json\/wp\/v2\/media?parent=6454"}],"curies":[{"name":"wp","href":"https:\/\/api.w.org\/{rel}","templated":true}]}}