{"id":6457,"date":"2021-05-26T16:53:21","date_gmt":"2021-05-26T14:53:21","guid":{"rendered":"https:\/\/conzelmann-bisingen.com\/seelilie\/"},"modified":"2021-10-19T15:44:02","modified_gmt":"2021-10-19T13:44:02","slug":"lys-de-mer","status":"publish","type":"page","link":"https:\/\/conzelmann-bisingen.com\/fr\/lys-de-mer\/","title":{"rendered":"Lys de mer"},"content":{"rendered":"<div class=\"wpb-content-wrapper\"><p>[vc_row row_type=\u00a0\u00bbrow\u00a0\u00bb content_width=\u00a0\u00bbfull-width\u00a0\u00bb anchor=\u00a0\u00bb\u00a0\u00bb content_aligment=\u00a0\u00bbleft\u00a0\u00bb css_animation=\u00a0\u00bb\u00a0\u00bb][vc_column width=\u00a0\u00bb1\/6&Prime;][\/vc_column][vc_column width=\u00a0\u00bb2\/3&Prime;][vc_empty_space height=\u00a0\u00bb22px\u00a0\u00bb]<div class=\"eltd-section-title-outer-holder \" style=\"text-align: center\">\n\t<div class=\"eltd-section-title-subtitle-holder\">\n\t\t<h3 class=\"eltd-section-subtitle\" style=\";\">Nos projets pr\u00e9f\u00e9r\u00e9s<\/h3>\n\t<\/div>\n\t<div class=\"eltd-section-title-holder\">\n\t\t<h2 class=\"eltd-section-title\" style=\";\">Lys de mer<\/h2>\n\t<\/div>\n<\/div>[vc_empty_space height=\u00a0\u00bb60px\u00a0\u00bb][vc_column_text]<strong>Nous vivons dans une r\u00e9gion passionnante riche en tr\u00e9sors arch\u00e9ologiques et fossiles.<\/strong><\/p>\n<p>Avec Mme Ute Hauff, qui \u00e9tait en charge de l&rsquo;Urweltmuseum Hauff \u00e0 Holzmaden pendant 25 ans, nous avons d\u00e9velopp\u00e9 l&rsquo;id\u00e9e de cr\u00e9er artistiquement l&rsquo;un de ces beaux fossiles.<\/p>\n<p>Nous avons opt\u00e9 pour un n\u00e9nuphar, vieux d&rsquo;environ 180 millions d&rsquo;ann\u00e9es, trouv\u00e9 dans les carri\u00e8res d&rsquo;ardoise du site fossilif\u00e8re autour de Holzmaden \/ Teck, en face de Jura souabe.<\/p>\n<p>Nous avons d&rsquo;abord d\u00fb faire un scan 3D afin de pouvoir utiliser ces donn\u00e9es pour fabriquer les outils d&#8217;embossage n\u00e9cessaires. Apr\u00e8s avoir trouv\u00e9 le mat\u00e9riau le plus appropri\u00e9 pour la frappe, nous avons commenc\u00e9 la pr\u00e9-frappe de l&rsquo;or. Dans la deuxi\u00e8me \u00e9tape, la structure a finalement \u00e9t\u00e9 fa\u00e7onn\u00e9e, ce qui a donn\u00e9 \u00e0 l&rsquo;objet son caract\u00e8re final et parfait.<\/p>\n<p>Mme Ute Hauff a accompagn\u00e9 tout le processus de fabrication et, gr\u00e2ce \u00e0 sa connaissance pr\u00e9cise de l&rsquo;objet, a pu confirmer que la feuille en relief refl\u00e8te tr\u00e8s bien le caract\u00e8re du n\u00e9nuphar. C&rsquo;est ainsi qu&rsquo;un artefact d&rsquo;une beaut\u00e9 unique a \u00e9t\u00e9 cr\u00e9\u00e9.<\/p>\n<p>Vous pouvez acheter cette feuille d&rsquo;art aupr\u00e8s de Hauff-Fossil-Art, <a href=\"mailto:ute.hauff@hauff-fossil-art.de\">ute.hauff@hauff-fossil-art.de<\/a>.<\/p>\n<p>Nous en sommes tr\u00e8s fiers.<\/p>\n<p>Merci \u00e0 toutes les personnes impliqu\u00e9es !<\/p>\n<p>Willi Conzelmann<\/p>\n<p>&nbsp;<\/p>\n<p><img fetchpriority=\"high\" decoding=\"async\" title=\"Kunstblatt Stahlstich Seelilie\" src=\"\/wp-content\/uploads\/2021\/05\/kunstdruck-seelilie-3.jpg\" alt=\"Kunstblatt Stahlstich Seelilie\" width=\"550\" height=\"550\" \/> <img decoding=\"async\" title=\"Kunstblatt Stahlstich Seelilie\" src=\"\/wp-content\/uploads\/2021\/05\/kunstdruck-seelilie-2.jpg\" alt=\"Kunstblatt Stahlstich Seelilie\" width=\"550\" height=\"550\" \/> <img decoding=\"async\" title=\"Kunstblatt Stahlstich Seelilie\" src=\"\/wp-content\/uploads\/2021\/05\/kunstdruck-seelilie-1.jpg\" alt=\"Kunstblatt Stahlstich Seelilie\" width=\"550\" height=\"550\" \/> <img loading=\"lazy\" decoding=\"async\" title=\"Kunstblatt Stahlstich Seelilie\" src=\"\/wp-content\/uploads\/2021\/05\/kunstblatt-seelilie.jpg\" alt=\"Kunstblatt Stahlstich Seelilie\" width=\"550\" height=\"550\" \/>[\/vc_column_text][vc_empty_space height=\u00a0\u00bb60px\u00a0\u00bb][\/vc_column][vc_column width=\u00a0\u00bb1\/6&Prime;][\/vc_column][\/vc_row]<\/p>\n<\/div>","protected":false},"excerpt":{"rendered":"<p>[vc_row row_type=\u00a0\u00bbrow\u00a0\u00bb content_width=\u00a0\u00bbfull-width\u00a0\u00bb anchor=\u00a0\u00bb\u00a0\u00bb content_aligment=\u00a0\u00bbleft\u00a0\u00bb css_animation=\u00a0\u00bb\u00a0\u00bb][vc_column width=\u00a0\u00bb1\/6&Prime;][\/vc_column][vc_column width=\u00a0\u00bb2\/3&Prime;][vc_empty_space height=\u00a0\u00bb22px\u00a0\u00bb][vc_empty_space height=\u00a0\u00bb60px\u00a0\u00bb][vc_column_text]Nous vivons dans une r\u00e9gion passionnante riche en tr\u00e9sors arch\u00e9ologiques et fossiles. Avec Mme Ute Hauff, qui \u00e9tait en charge de l&rsquo;Urweltmuseum Hauff \u00e0 Holzmaden pendant 25 ans, nous avons d\u00e9velopp\u00e9 l&rsquo;id\u00e9e de cr\u00e9er artistiquement l&rsquo;un&#8230;<\/p>\n","protected":false},"author":1,"featured_media":6458,"parent":0,"menu_order":0,"comment_status":"closed","ping_status":"closed","template":"full-width.php","meta":{"footnotes":""},"class_list":["post-6457","page","type-page","status-publish","has-post-thumbnail","hentry"],"_links":{"self":[{"href":"https:\/\/conzelmann-bisingen.com\/fr\/wp-json\/wp\/v2\/pages\/6457","targetHints":{"allow":["GET"]}}],"collection":[{"href":"https:\/\/conzelmann-bisingen.com\/fr\/wp-json\/wp\/v2\/pages"}],"about":[{"href":"https:\/\/conzelmann-bisingen.com\/fr\/wp-json\/wp\/v2\/types\/page"}],"author":[{"embeddable":true,"href":"https:\/\/conzelmann-bisingen.com\/fr\/wp-json\/wp\/v2\/users\/1"}],"replies":[{"embeddable":true,"href":"https:\/\/conzelmann-bisingen.com\/fr\/wp-json\/wp\/v2\/comments?post=6457"}],"version-history":[{"count":8,"href":"https:\/\/conzelmann-bisingen.com\/fr\/wp-json\/wp\/v2\/pages\/6457\/revisions"}],"predecessor-version":[{"id":6874,"href":"https:\/\/conzelmann-bisingen.com\/fr\/wp-json\/wp\/v2\/pages\/6457\/revisions\/6874"}],"wp:featuredmedia":[{"embeddable":true,"href":"https:\/\/conzelmann-bisingen.com\/fr\/wp-json\/wp\/v2\/media\/6458"}],"wp:attachment":[{"href":"https:\/\/conzelmann-bisingen.com\/fr\/wp-json\/wp\/v2\/media?parent=6457"}],"curies":[{"name":"wp","href":"https:\/\/api.w.org\/{rel}","templated":true}]}}