{"id":6460,"date":"2019-12-05T16:41:24","date_gmt":"2019-12-05T15:41:24","guid":{"rendered":"https:\/\/conzelmann-bisingen.com\/novum-102019\/"},"modified":"2021-10-19T15:50:42","modified_gmt":"2021-10-19T13:50:42","slug":"novum-couverture-du-numero-102019","status":"publish","type":"page","link":"https:\/\/conzelmann-bisingen.com\/fr\/novum-couverture-du-numero-102019\/","title":{"rendered":"Novum : Couverture du num\u00e9ro 10\/2019"},"content":{"rendered":"<div class=\"wpb-content-wrapper\"><p>[vc_row row_type=\u00a0\u00bbrow\u00a0\u00bb content_width=\u00a0\u00bbfull-width\u00a0\u00bb anchor=\u00a0\u00bb\u00a0\u00bb content_aligment=\u00a0\u00bbleft\u00a0\u00bb css_animation=\u00a0\u00bb\u00a0\u00bb][vc_column width=\u00a0\u00bb1\/6&Prime;][\/vc_column][vc_column width=\u00a0\u00bb2\/3&Prime;][vc_empty_space height=\u00a0\u00bb22px\u00a0\u00bb]<div class=\"eltd-section-title-outer-holder \" style=\"text-align: center\">\n\t<div class=\"eltd-section-title-subtitle-holder\">\n\t\t<h3 class=\"eltd-section-subtitle\" style=\";\">Nos projets pr\u00e9f\u00e9r\u00e9s<\/h3>\n\t<\/div>\n\t<div class=\"eltd-section-title-holder\">\n\t\t<h2 class=\"eltd-section-title\" style=\";\">Novum : Couverture du num\u00e9ro 10\/2019<\/h2>\n\t<\/div>\n<\/div>[vc_empty_space height=\u00a0\u00bb60px\u00a0\u00bb][vc_column_text]L&rsquo;Oktoberfest de Munich n&rsquo;est g\u00e9n\u00e9ralement pas particuli\u00e8rement pertinent pour le design, mais dans ce num\u00e9ro, il constitue une merveilleuse source d&rsquo;inspiration pour une couverture qui fait litt\u00e9ralement le tour. Divers estampes \u00e0 chaud avec micro-gaufrage ont \u00e9t\u00e9 utilis\u00e9es sur une bo\u00eete en carton recycl\u00e9e terre-\u00e0-terre, qui a mis des accents sophistiqu\u00e9s. Dans l&rsquo;ensemble, les couvertures ont \u00e9t\u00e9 cr\u00e9\u00e9es dans quatre variantes de couleurs diff\u00e9rentes, qui ont \u00e9t\u00e9 affin\u00e9es avec deux feuilles en argent et en or ainsi qu&rsquo;une couleur or sp\u00e9ciale &#8230;<\/p>\n<p>&#8230; Pourquoi juste une couverture quand vous pouvez en avoir beaucoup plus. Selon cette devise, le num\u00e9ro d&rsquo;octobre de novum para\u00eet en quatre couleurs diff\u00e9rentes et a \u00e9t\u00e9 affin\u00e9 avec deux dorures \u00e0 chaud et une couleur or sp\u00e9ciale. Pour la premi\u00e8re fois, nous avons travaill\u00e9 avec le micro-gaufrage, une technique avec laquelle les d\u00e9tails les plus fins peuvent \u00eatre travaill\u00e9s dans les matrices de gaufrage. Ce proc\u00e9d\u00e9 est souvent utilis\u00e9 pour cr\u00e9er une protection contre la contrefa\u00e7on, mais comme vous pouvez le voir sur notre couverture, des accents visuels tr\u00e8s attrayants peuvent \u00e9galement \u00eatre cr\u00e9\u00e9s.<\/p>\n<p>Cinq timbres de diff\u00e9rentes tailles ont \u00e9t\u00e9 utilis\u00e9s sur la couverture circonf\u00e9rentielle, fabriqu\u00e9s par la technologie d&rsquo;estampage MSP. \u00c9tant donn\u00e9 que des zones plus grandes et des d\u00e9tails fins ont \u00e9t\u00e9 gaufr\u00e9s, des tests approfondis ont \u00e9t\u00e9 n\u00e9cessaires au pr\u00e9alable afin de faire correspondre de mani\u00e8re optimale les feuilles (courtes) au papier (RecyCard de Papyrus Allemagne). Le gaufrage lui-m\u00eame a \u00e9galement demand\u00e9 un certain tact et a \u00e9t\u00e9 magistralement mis en \u0153uvre par l\u2019imprimerie August Conzelmann GmbH dans le sud-ouest de Allmand.<\/p>\n<p>Source : <a href=\"https:\/\/www.stiebner.com\/novum\/2019\/novum-2019-10.html\" target=\"_blank\" rel=\"noopener noreferrer\">Novum : Couverture du num\u00e9ro 10\/2019<\/a>[\/vc_column_text][vc_empty_space height=\u00a0\u00bb60px\u00a0\u00bb][\/vc_column][vc_column width=\u00a0\u00bb1\/6&Prime;][\/vc_column][\/vc_row]<\/p>\n<\/div>","protected":false},"excerpt":{"rendered":"<p>[vc_row row_type=\u00a0\u00bbrow\u00a0\u00bb content_width=\u00a0\u00bbfull-width\u00a0\u00bb anchor=\u00a0\u00bb\u00a0\u00bb content_aligment=\u00a0\u00bbleft\u00a0\u00bb css_animation=\u00a0\u00bb\u00a0\u00bb][vc_column width=\u00a0\u00bb1\/6&Prime;][\/vc_column][vc_column width=\u00a0\u00bb2\/3&Prime;][vc_empty_space height=\u00a0\u00bb22px\u00a0\u00bb][vc_empty_space height=\u00a0\u00bb60px\u00a0\u00bb][vc_column_text]L&rsquo;Oktoberfest de Munich n&rsquo;est g\u00e9n\u00e9ralement pas particuli\u00e8rement pertinent pour le design, mais dans ce num\u00e9ro, il constitue une merveilleuse source d&rsquo;inspiration pour une couverture qui fait litt\u00e9ralement le tour. Divers estampes \u00e0 chaud avec micro-gaufrage ont&#8230;<\/p>\n","protected":false},"author":1,"featured_media":6461,"parent":0,"menu_order":0,"comment_status":"closed","ping_status":"closed","template":"","meta":{"footnotes":""},"class_list":["post-6460","page","type-page","status-publish","has-post-thumbnail","hentry"],"_links":{"self":[{"href":"https:\/\/conzelmann-bisingen.com\/fr\/wp-json\/wp\/v2\/pages\/6460","targetHints":{"allow":["GET"]}}],"collection":[{"href":"https:\/\/conzelmann-bisingen.com\/fr\/wp-json\/wp\/v2\/pages"}],"about":[{"href":"https:\/\/conzelmann-bisingen.com\/fr\/wp-json\/wp\/v2\/types\/page"}],"author":[{"embeddable":true,"href":"https:\/\/conzelmann-bisingen.com\/fr\/wp-json\/wp\/v2\/users\/1"}],"replies":[{"embeddable":true,"href":"https:\/\/conzelmann-bisingen.com\/fr\/wp-json\/wp\/v2\/comments?post=6460"}],"version-history":[{"count":7,"href":"https:\/\/conzelmann-bisingen.com\/fr\/wp-json\/wp\/v2\/pages\/6460\/revisions"}],"predecessor-version":[{"id":6865,"href":"https:\/\/conzelmann-bisingen.com\/fr\/wp-json\/wp\/v2\/pages\/6460\/revisions\/6865"}],"wp:featuredmedia":[{"embeddable":true,"href":"https:\/\/conzelmann-bisingen.com\/fr\/wp-json\/wp\/v2\/media\/6461"}],"wp:attachment":[{"href":"https:\/\/conzelmann-bisingen.com\/fr\/wp-json\/wp\/v2\/media?parent=6460"}],"curies":[{"name":"wp","href":"https:\/\/api.w.org\/{rel}","templated":true}]}}