{"id":6463,"date":"2019-12-05T15:42:58","date_gmt":"2019-12-05T14:42:58","guid":{"rendered":"https:\/\/conzelmann-bisingen.com\/himmelsscheibe-von-nebra\/"},"modified":"2021-10-19T15:29:41","modified_gmt":"2021-10-19T13:29:41","slug":"disque-celeste-nebra","status":"publish","type":"page","link":"https:\/\/conzelmann-bisingen.com\/fr\/disque-celeste-nebra\/","title":{"rendered":"Disque c\u00e9leste de Nebra"},"content":{"rendered":"<div class=\"wpb-content-wrapper\"><p>[vc_row row_type=\u00a0\u00bbrow\u00a0\u00bb content_width=\u00a0\u00bbfull-width\u00a0\u00bb anchor=\u00a0\u00bb\u00a0\u00bb content_aligment=\u00a0\u00bbleft\u00a0\u00bb css_animation=\u00a0\u00bb\u00a0\u00bb][vc_column width=\u00a0\u00bb1\/6&Prime;][\/vc_column][vc_column width=\u00a0\u00bb2\/3&Prime;][vc_empty_space height=\u00a0\u00bb22px\u00a0\u00bb]<div class=\"eltd-section-title-outer-holder \" style=\"text-align: center\">\n\t<div class=\"eltd-section-title-subtitle-holder\">\n\t\t<h3 class=\"eltd-section-subtitle\" style=\";\">Nos projets pr\u00e9f\u00e9r\u00e9s<\/h3>\n\t<\/div>\n\t<div class=\"eltd-section-title-holder\">\n\t\t<h2 class=\"eltd-section-title\" style=\";\">Disque c\u00e9leste de Nebra<\/h2>\n\t<\/div>\n<\/div>[vc_empty_space height=\u00a0\u00bb60px\u00a0\u00bb][vc_column_text]L&rsquo;histoire ancienne et l&rsquo;astronomie sont deux domaines d&rsquo;int\u00e9r\u00eat personnels pour le propri\u00e9taire de l&rsquo;entreprise de Monsieur Willi Conzelmann.<\/p>\n<p>Pas \u00e9tonnant qu&rsquo;il ait \u00e9t\u00e9 particuli\u00e8rement satisfait du gaufrage du disque Nebra Sky: \u00ab Avec une combinaison d&rsquo;estampage \u00e0 la feuille d&rsquo;or et de gaufrage \u00e0 froid en relief, nous avons pu reproduire les d\u00e9tails tr\u00e8s pr\u00e9cis\u00e9ment. Et en m\u00eame temps admirez la beaut\u00e9 de cette \u00e9tonnante plaque de bronze vieille de 4000 ans. \u00bb[\/vc_column_text][vc_empty_space height=\u00a0\u00bb60px\u00a0\u00bb][\/vc_column][vc_column width=\u00a0\u00bb1\/6&Prime;][\/vc_column][\/vc_row]<\/p>\n<\/div>","protected":false},"excerpt":{"rendered":"<p>[vc_row row_type=\u00a0\u00bbrow\u00a0\u00bb content_width=\u00a0\u00bbfull-width\u00a0\u00bb anchor=\u00a0\u00bb\u00a0\u00bb content_aligment=\u00a0\u00bbleft\u00a0\u00bb css_animation=\u00a0\u00bb\u00a0\u00bb][vc_column width=\u00a0\u00bb1\/6&Prime;][\/vc_column][vc_column width=\u00a0\u00bb2\/3&Prime;][vc_empty_space height=\u00a0\u00bb22px\u00a0\u00bb][vc_empty_space height=\u00a0\u00bb60px\u00a0\u00bb][vc_column_text]L&rsquo;histoire ancienne et l&rsquo;astronomie sont deux domaines d&rsquo;int\u00e9r\u00eat personnels pour le propri\u00e9taire de l&rsquo;entreprise de Monsieur Willi Conzelmann. Pas \u00e9tonnant qu&rsquo;il ait \u00e9t\u00e9 particuli\u00e8rement satisfait du gaufrage du disque Nebra Sky: \u00ab Avec une combinaison d&rsquo;estampage&#8230;<\/p>\n","protected":false},"author":1,"featured_media":6464,"parent":0,"menu_order":0,"comment_status":"closed","ping_status":"closed","template":"full-width.php","meta":{"footnotes":""},"class_list":["post-6463","page","type-page","status-publish","has-post-thumbnail","hentry"],"_links":{"self":[{"href":"https:\/\/conzelmann-bisingen.com\/fr\/wp-json\/wp\/v2\/pages\/6463","targetHints":{"allow":["GET"]}}],"collection":[{"href":"https:\/\/conzelmann-bisingen.com\/fr\/wp-json\/wp\/v2\/pages"}],"about":[{"href":"https:\/\/conzelmann-bisingen.com\/fr\/wp-json\/wp\/v2\/types\/page"}],"author":[{"embeddable":true,"href":"https:\/\/conzelmann-bisingen.com\/fr\/wp-json\/wp\/v2\/users\/1"}],"replies":[{"embeddable":true,"href":"https:\/\/conzelmann-bisingen.com\/fr\/wp-json\/wp\/v2\/comments?post=6463"}],"version-history":[{"count":6,"href":"https:\/\/conzelmann-bisingen.com\/fr\/wp-json\/wp\/v2\/pages\/6463\/revisions"}],"predecessor-version":[{"id":6867,"href":"https:\/\/conzelmann-bisingen.com\/fr\/wp-json\/wp\/v2\/pages\/6463\/revisions\/6867"}],"wp:featuredmedia":[{"embeddable":true,"href":"https:\/\/conzelmann-bisingen.com\/fr\/wp-json\/wp\/v2\/media\/6464"}],"wp:attachment":[{"href":"https:\/\/conzelmann-bisingen.com\/fr\/wp-json\/wp\/v2\/media?parent=6463"}],"curies":[{"name":"wp","href":"https:\/\/api.w.org\/{rel}","templated":true}]}}