{"id":6468,"date":"2019-07-01T15:31:39","date_gmt":"2019-07-01T13:31:39","guid":{"rendered":"https:\/\/conzelmann-bisingen.com\/stahlstich\/"},"modified":"2021-10-19T15:41:10","modified_gmt":"2021-10-19T13:41:10","slug":"gravure-sur-acier","status":"publish","type":"page","link":"https:\/\/conzelmann-bisingen.com\/fr\/gravure-sur-acier\/","title":{"rendered":"Gravure sur acier"},"content":{"rendered":"<div class=\"wpb-content-wrapper\"><p>[vc_row row_type=\u00a0\u00bbrow\u00a0\u00bb content_width=\u00a0\u00bbfull-width\u00a0\u00bb anchor=\u00a0\u00bb\u00a0\u00bb content_aligment=\u00a0\u00bbleft\u00a0\u00bb css_animation=\u00a0\u00bb\u00a0\u00bb][vc_column width=\u00a0\u00bb1\/6&Prime;][\/vc_column][vc_column width=\u00a0\u00bb2\/3&Prime;][vc_empty_space height=\u00a0\u00bb22px\u00a0\u00bb]<div class=\"eltd-section-title-outer-holder \" style=\"text-align: center\">\n\t<div class=\"eltd-section-title-subtitle-holder\">\n\t\t<h3 class=\"eltd-section-subtitle\" style=\";\">La perfection consomm\u00e9e<\/h3>\n\t<\/div>\n\t<div class=\"eltd-section-title-holder\">\n\t\t<h2 class=\"eltd-section-title\" style=\";\">Gravure sur acier<\/h2>\n\t<\/div>\n<\/div>[vc_empty_space height=\u00a0\u00bb60px\u00a0\u00bb][vc_column_text]Un processus dans lequel des connaissances et des comp\u00e9tences techniques ainsi que des comp\u00e9tences artistiques sont requises.<\/p>\n<h4>L&rsquo;histoire<\/h4>\n<p>La technique du gaufrage par gravure sur acier est ancienne et semble \u00e0 certains contemporains plut\u00f4t archa\u00efque. Les ateliers de monnaie en Europe sont devenus aussi rares que les fondeurs de cloches. Mais comme les gens peuvent encore aujourd&rsquo;hui s&rsquo;enthousiasmer pour des choses belles et extraordinaires, la p\u00e9rennit\u00e9 de cette merveilleuse technologie est \u00e9galement garantie pour l&rsquo;avenir.<\/p>\n<p>La gravure sur acier est un proc\u00e9d\u00e9 d&rsquo;impression en h\u00e9liogravure qui s&rsquo;est d\u00e9velopp\u00e9 \u00e0 partir de la gravure sur cuivre et de ses variantes (eau-forte, fa\u00e7on noire, etc.). Pendant longtemps, la gravure sur cuivre a \u00e9t\u00e9 le seul moyen pour un artiste de cr\u00e9er des tirages plus importants. Les graveurs bien connus \u00e9taient par exemple Albrecht D\u00fcrer de Nuremberg et Matthias Merian l&rsquo;Ancien de B\u00e2le.<\/p>\n<p>Avec la diffusion croissante de l&rsquo;impression de livres, les livres ont \u00e9t\u00e9 produits dans des \u00e9ditions toujours plus grandes, et les imprimeurs et les \u00e9diteurs cherchaient un moyen de produire des illustrations de livres dans des \u00e9ditions plus importantes.<\/p>\n<p>C&rsquo;\u00e9tait fastidieux avec la plaque de cuivre, et bon gr\u00e9 mal gr\u00e9 plusieurs plaques originales devaient \u00eatre produites pour des \u00e9ditions sup\u00e9rieures. Pour \u00e9viter ce fait, les graveurs ont essay\u00e9 de graver l&rsquo;image dans la plaque d&rsquo;acier beaucoup plus dure au lieu de cuivre.<\/p>\n<p>Selon le motif, la plaque \u00e9tait soit grav\u00e9e directement avec un burin, soit une eau-forte \u00e9tait r\u00e9alis\u00e9e et la plaque \u00e9tait ensuite grav\u00e9e au chlorure ferrique.<\/p>\n<p>Lorsque cela a r\u00e9ussi, la voie \u00e9tait ouverte pour des images dans de plus grandes \u00e9ditions.<\/p>\n<p>A partir de 1820, les premi\u00e8res gravures sur acier pour repr\u00e9sentations picturales, pour illustrations dans des livres, peuvent \u00eatre \u00e9prouv\u00e9es.[\/vc_column_text][vc_empty_space height=\u00a0\u00bb20px\u00a0\u00bb][vc_column_text]<\/p>\n<h4>La gravure aujourd&rsquo;hui<\/h4>\n<p>M\u00eame aujourd&rsquo;hui, les gravures sur acier sont encore produites en pi\u00e8ces individuelles par le graveur sur acier. Ils n&rsquo;ont rien \u00e0 voir avec les formulaires d&rsquo;impression produits industriellement que n&rsquo;importe qui peut produire aussi souvent qu&rsquo;il le souhaite et avec une qualit\u00e9 constante.<\/p>\n<p>Le graveur sur acier de notre \u00e9poque est un sp\u00e9cialiste tr\u00e8s recherch\u00e9 qui, en plus d&rsquo;un haut niveau de connaissances et d&rsquo;aptitudes techniques, a \u00e9galement besoin d&rsquo;une capacit\u00e9 artistique tr\u00e8s d\u00e9velopp\u00e9e afin de pouvoir mettre en \u0153uvre les gabarits qui lui sont pr\u00e9sent\u00e9s pour la gravure. aujourd&rsquo;hui.<\/p>\n<p>Certes, les outils et les aides \u00e0 sa disposition sont meilleurs qu&rsquo;\u00e0 l&rsquo;\u00e9poque de D\u00fcrer, mais les principales caract\u00e9ristiques de l&rsquo;\u0153uvre sont rest\u00e9es les m\u00eames.<\/p>\n<p>Mais son imagination seule est capable de donner \u00e0 l&rsquo;\u00e9criture ou \u00e0 l&rsquo;illustration cette merveilleuse vivacit\u00e9 et profondeur \u00e0 travers des lignes fines et une profondeur de gravure adapt\u00e9e, qui ne peuvent m\u00eame pas \u00eatre atteintes avec un autre proc\u00e9d\u00e9 d&rsquo;impression.<\/p>\n<p>La main artistique du graveur cr\u00e9e une image imprim\u00e9e qui n&rsquo;est pas seulement pr\u00e9sente dans la surface mais aussi dans la troisi\u00e8me dimension et donne ainsi \u00e0 l&rsquo;image imprim\u00e9e cette \u00e9l\u00e9gance gr\u00e2ce \u00e0 de fins effets de lumi\u00e8re et d&rsquo;ombre que le gaufrage grav\u00e9 sur acier \u00e9tait si souhaitable alors qu&rsquo;il l&rsquo;est aujourd&rsquo;hui fait du.<\/p>\n<p>Il y a quelques d\u00e9cennies, il \u00e9tait d&rsquo;usage pour les graveurs de dessiner les images ou les polices directement sur l&rsquo;acier, en se basant \u00e0 l&rsquo;envers sur le gabarit, afin d&rsquo;\u00e9laborer ensuite progressivement chaque section individuelle avec un burin, un ciseau et un poin\u00e7on, jusqu&rsquo;\u00e0 la gravure apr\u00e8s plusieurs les tirages tests correspondaient alors \u00e0 son id\u00e9e et \u00e0 celle du client.<\/p>\n<p>L&rsquo;avancement de la technologie a \u00e9galement permis \u00e0 nos graveurs d&rsquo;utiliser des mod\u00e8les de films de nos jours. Le motif ou l&rsquo;\u00e9criture est report\u00e9 sur la gravure par voie photographique puis l\u00e9g\u00e8rement grav\u00e9. Cela \u00e9vite au graveur d&rsquo;avoir \u00e0 dessiner un dessin pr\u00e9liminaire sur l&rsquo;acier. La gravure proprement dite est alors r\u00e9alis\u00e9e comme elle l&rsquo;a toujours \u00e9t\u00e9 &#8211; \u00e0 la main avec un burin. Cela peut encore sembler tr\u00e8s fastidieux pour le profane, mais ni la technologie de gravure sophistiqu\u00e9e ni les machines \u00e0 commande num\u00e9rique ne permettent \u00e0 la gravure d&rsquo;\u00eatre aussi diff\u00e9renci\u00e9e qu&rsquo;un graveur sur acier exp\u00e9riment\u00e9 peut le faire.<\/p>\n<p>Ainsi, chaque gravure est et reste un artisanat d&rsquo;art, une pi\u00e8ce unique qui &#8211; m\u00eame par le m\u00eame graveur &#8211; ne peut pas \u00eatre r\u00e9p\u00e9t\u00e9e exactement de la m\u00eame mani\u00e8re et poss\u00e8de donc un niveau de protection particuli\u00e8rement \u00e9lev\u00e9 contre la contrefa\u00e7on. Cette particularit\u00e9 place la gravure sur acier bien au-dessus de toutes les autres formes d&rsquo;impression.<\/p>\n<p>Il porte toujours l&rsquo;\u00ab \u00e9criture \u00bb d&rsquo;une personne et ne peut donc jamais \u00eatre remplac\u00e9 ou simul\u00e9 par un quelconque produit industriel.[\/vc_column_text][vc_empty_space height=\u00a0\u00bb20px\u00a0\u00bb][vc_column_text]<\/p>\n<h4>D\u00e9veloppement jusqu&rsquo;\u00e0 aujourd&rsquo;hui<\/h4>\n<p>Comme pour la gravure sur cuivre, les impressions manuelles sur la presse \u00e0 cuivre \u00e9taient \u00e0 l&rsquo;origine courantes pour les gravures sur acier. L&rsquo;imprimeur devait d&rsquo;abord frotter lui-m\u00eame la couleur du pigment et du liant. La plaque a ensuite \u00e9t\u00e9 color\u00e9e avec le tampon et essuy\u00e9e \u00e0 nouveau avec des chiffons et du papier. Seule la gravure approfondie retient d\u00e9sormais la couleur.<\/p>\n<p>Au choix, l&rsquo;imprimante pourrait laisser une touche de couleur sur la surface de la plaque et ainsi imprimer \u00e9galement un \u00ab ton de plaque \u00bb.<\/p>\n<p>Cette technique est encore utilis\u00e9e aujourd&rsquo;hui par les artistes qui font de la gravure.<\/p>\n<p>Pour les plus grandes \u00e9ditions que la gravure sur acier \u00e9tait cens\u00e9e r\u00e9aliser, cette technique d&rsquo;impression \u00e0 la main \u00e9tait beaucoup trop laborieuse. Avec le d\u00e9but de l&rsquo;industrialisation et l&rsquo;invention de la machine \u00e0 vapeur par James Watt, des tentatives ont \u00e9t\u00e9 faites pour remplacer le travail manuel laborieux par le travail \u00e0 la machine. Les premiers m\u00e9tiers \u00e0 tisser ont \u00e9t\u00e9 construits en Angleterre et un peu plus tard, vers 1850, les Anglais ont construit la premi\u00e8re machine \u00e0 graver l&rsquo;acier capable d&rsquo;effectuer m\u00e9caniquement les \u00e9tapes de travail essentielles.<br \/>\nLes machines tr\u00e8s lourdes disposaient d&rsquo;une simple unit\u00e9 d&rsquo;encrage qui permettait de recolorer les plaques \u00e0 chaque tirage. L&rsquo;essuyage avec des chiffons a \u00e9t\u00e9 remplac\u00e9 par une raclette et un rouleau de papier qui pouvaient essuyer la gravure \u00e0 chaque tirage. Le papier du rouleau est tir\u00e9 un peu vers l&rsquo;avant \u00e0 chaque fois, de sorte que le nouveau papier inutilis\u00e9 est toujours disponible. Cela a permis de produire des gaufrages rapidement et en grand nombre.<\/p>\n<p>Les ateliers de monnayage en Angleterre ont profit\u00e9 de l&rsquo;occasion et ont pu offrir aux nombreux petits et grands fabricants, y compris les entreprises industrielles qui surgissent partout, ainsi que les cabinets d&rsquo;avocats et les particuliers, en-t\u00eates et cartes de visite dans un nouveau, beaucoup une qualit\u00e9 sup\u00e9rieure \u00e0 celle \u00e0 laquelle les clients sont habitu\u00e9s gr\u00e2ce au processus d&rsquo;impression typographique pr\u00e9dominant.<br \/>\nComme le m\u00e9tier \u00e0 tisser, la nouvelle technologie est arriv\u00e9e sur le continent quelques ann\u00e9es plus tard, o\u00f9 elle a trouv\u00e9 de nombreux adeptes enthousiastes. Les machines ont \u00e9t\u00e9 construites de mani\u00e8re \u00e0 ce que l&rsquo;unit\u00e9 d&rsquo;encrage soit en haut et la gravure en bas. Comme cela \u00e9tait courant dans l&rsquo;imprimerie \u00e0 l&rsquo;\u00e9poque, les feuilles \u00e9taient dispos\u00e9es et dispos\u00e9es \u00e0 la main. \u00c9tant donn\u00e9 que le processus de gravure \/ gaufrage sur acier est un processus d&rsquo;impression directe, cela signifiait in\u00e9vitablement que l&rsquo;image imprim\u00e9e se trouvait sur le dessous de la feuille lorsque la feuille a \u00e9t\u00e9 ins\u00e9r\u00e9e. Il a fallu beaucoup d&rsquo;habilet\u00e9 pour sortir la feuille de la machine sans enduire \u00e0 nouveau le nouveau gaufrage. La litt\u00e9rature clairsem\u00e9e indique que des mains f\u00e9minines bien inform\u00e9es l&rsquo;ont fait parfaitement. Pendant des d\u00e9cennies, c&rsquo;\u00e9tait la seule fa\u00e7on de faire de la gravure sur acier \u00e0 la machine. Dans le nouveau si\u00e8cle, cependant, une ing\u00e9niosit\u00e9 infatigable a trouv\u00e9 un rem\u00e8de.<br \/>\nLa \u00ab prise en main \u00bb, fastidieuse pour l&#8217;embosseuse, a \u00e9t\u00e9 grandement facilit\u00e9e par un tout nouveau design. Les concepteurs ont simplement renvers\u00e9 l&rsquo;histoire. Au fond l&rsquo;id\u00e9e \u00e9tait simple &#8211; ils ont mis la gravure \u00e0 l&rsquo;envers et le probl\u00e8me \u00e9tait \u2013 presque \u2013 r\u00e9solu. Le nouveau design est arriv\u00e9 sur le march\u00e9 sous le nom \u00ab invers\u00e9 \u00bb.<\/p>\n<p>Du coup, il \u00e9tait possible de voir le r\u00e9sultat du gaufrage imm\u00e9diatement apr\u00e8s le processus de gaufrage et aussi de retirer \u00e0 nouveau la feuille de la machine sans risque. De plus, cela ouvrait \u00e9galement la possibilit\u00e9 de r\u00e9aliser deux gaufrages sur la m\u00eame feuille en tordant la feuille. Ce vissage aurait in\u00e9vitablement d\u00e9truit le premier gaufrage de la construction utilis\u00e9e jusqu&rsquo;\u00e0 pr\u00e9sent. Le gaufrage \u00e9tait plus rapide et le papier pouvait \u00e9galement \u00eatre \u00e9conomis\u00e9.<\/p>\n<p>La derni\u00e8re \u00e9tape de d\u00e9veloppement que les presses \u00e0 graver sur acier ont subie a \u00e9t\u00e9 la construction du dispositif d&rsquo;alimentation et de livraison automatique vers 1960. Cela permettait d&rsquo;alimenter automatiquement le papier dans la machine, comme c&rsquo;\u00e9tait le cas avec les machines typographiques g\u00e9n\u00e9ralement utilis\u00e9es \u00e0 l&rsquo;\u00e9poque.<br \/>\nCette automatisation a \u00e9galement augment\u00e9 la production. La production horaire a maintenant \u00e9t\u00e9 augment\u00e9e \u00e0 environ 1500 \u00e0 1800 feuilles par rapport aux 500 \u00e0 880 timbres pr\u00e9c\u00e9demment possibles qu&rsquo;un embosseur qualifi\u00e9 pouvait faire par heure. Les machines sont maintenant devenues des raret\u00e9s, car la production de nouvelles machines de gravure sur acier \u00e0 la fois par le fabricant en Angleterre et par le titulaire d&rsquo;une r\u00e9plique allemande de la machine a \u00e9t\u00e9 interrompue au d\u00e9but des ann\u00e9es 1970.<\/p>\n<p>Par cons\u00e9quent, les machines dans les usines sont tr\u00e8s soigneusement entretenues.<\/p>\n<p>Tous les travaux d&rsquo;entretien et de r\u00e9paration doivent \u00eatre effectu\u00e9s par l&#8217;embosseuse lui-m\u00eame. M\u00eame les machines d&rsquo;aujourd&rsquo;hui fonctionnent encore avec la technologie des p\u00e8res fondateurs ; seules de l\u00e9g\u00e8res modifications ont pu pr\u00e9valoir. Toutes les machines de gravure sur acier sont exclusivement des machines \u00e0 une seule couleur, et en fonction du sujet, de la taille de la feuille, de la difficult\u00e9, du type de couleur, etc., il est d\u00e9cid\u00e9 quel type est utilis\u00e9.<br \/>\nEncore aujourd&rsquo;hui, il n&rsquo;y a pas de gravure sur acier sans le savoir, l&rsquo;habilet\u00e9, la patience et la passion de celui qui l&rsquo;a r\u00e9alis\u00e9e.<\/p>\n<p>[\/vc_column_text][vc_empty_space height=\u00a0\u00bb20px\u00a0\u00bb][vc_column_text]<\/p>\n<h4>Applications<\/h4>\n<p>Outre l&rsquo;application artistique, il existe aujourd&rsquo;hui deux grands domaines, mais de nature diff\u00e9rente : l&rsquo;impression s\u00e9curis\u00e9e et les papiers de correspondance. L&rsquo;impression de s\u00e9curit\u00e9 est g\u00e9n\u00e9ralement produite \u00e0 l&rsquo;aide du processus rotatif et est g\u00e9n\u00e9ralement appel\u00e9e impression h\u00e9lio. Les gravures sont fines et relativement plates, avec des guilloches et des parties du texte en relief.<\/p>\n<p>La gravure sur acier est r\u00e9guli\u00e8rement utilis\u00e9e en combinaison avec d&rsquo;autres proc\u00e9d\u00e9s d&rsquo;impression pour les timbres, les billets de banque et les actions. On utilise des encres sp\u00e9cialement produites pour ce domaine d&rsquo;application qui, en plus d&rsquo;\u00eatre sp\u00e9cialement adapt\u00e9es \u00e0 ce proc\u00e9d\u00e9, poss\u00e8dent \u00e9galement de nombreuses propri\u00e9t\u00e9s, parfois cach\u00e9es, qui conf\u00e8rent au papier imprim\u00e9 avec elles un niveau de protection \u00e9lev\u00e9 \u00e0 tr\u00e8s \u00e9lev\u00e9 contre la contrefa\u00e7on \u00e0 tous \u00e9gards.<\/p>\n<p>Depuis le d\u00e9but de cette technique d&rsquo;impression, les papiers \u00e0 en-t\u00eate et cartes de visite en gaufrage grav\u00e9 sur acier ont \u00e9t\u00e9 principalement utilis\u00e9s pour les papiers \u00e0 en-t\u00eate de gestion, les papiers priv\u00e9s, les cartes de compliments, etc.<\/p>\n<p>Les particuliers exigeants et les patrons d&rsquo;entreprises respect\u00e9es font partie de la base de fans fid\u00e8les. Un aspect non n\u00e9gligeable d&rsquo;un travail de gravure sur acier, outre le tr\u00e8s haut niveau de protection contre la contrefa\u00e7on, est son aspect unique. Pour certains clients, cela a pu \u00eatre l&rsquo;un des crit\u00e8res d\u00e9cisifs dans le choix de la technique de gaufrage par gravure sur acier. Des duplicatas identiques du formulaire d&rsquo;impression et donc des r\u00e9impressions sans licence sont pratiquement impossibles \u00e0 produire et le client peut donc avoir le sentiment tr\u00e8s calme que des choses malhonn\u00eates ne se produisent pas en son nom. Les produits sont soit fabriqu\u00e9s en utilisant la gravure sur acier pur, soit combin\u00e9s avec d&rsquo;autres proc\u00e9d\u00e9s d&rsquo;impression courants. En principe, toute combinaison est envisageable, mais elle n\u00e9cessite un instinct s\u00fbr afin de ne pas d\u00e9passer la marque lors de la combinaison. Des \u0153uvres tr\u00e8s convaincantes apparaissent souvent en combinaison avec un gaufrage \u00e0 froid ou un gaufrage \u00e0 chaud. Cependant, des combinaisons fines avec la typographie ou l&rsquo;impression offset sont \u00e9galement possibles.<\/p>\n<p>Les tirages sont aussi vari\u00e9s que les clients : de 100 feuilles pour les particuliers \u00e0 plusieurs centaines de milliers pour les grandes entreprises. Chaque client est servi individuellement.<\/p>\n<p>Les possibilit\u00e9s des techniques de gaufrage offrent au cr\u00e9atif un excellent outil de conception. Des produits imprim\u00e9s distinctifs avec noblesse et sobri\u00e9t\u00e9 peuvent \u00eatre obtenus de cette mani\u00e8re.<\/p>\n<p>De nos jours, les papetiers offrent une vari\u00e9t\u00e9 presque unique de papiers. Dans tous les cas, la s\u00e9lection doit \u00eatre effectu\u00e9e avec la machine \u00e0 graver l&rsquo;acier. Bien s\u00fbr, vous pouvez gaufrer sur n&rsquo;importe quel papier, mais des r\u00e9sultats exceptionnels n\u00e9cessitent \u00e9galement certaines propri\u00e9t\u00e9s du papier.[\/vc_column_text][vc_empty_space height=\u00a0\u00bb60px\u00a0\u00bb][\/vc_column][vc_column width=\u00a0\u00bb1\/6&Prime;][\/vc_column][\/vc_row]<\/p>\n<\/div>","protected":false},"excerpt":{"rendered":"<p>[vc_row row_type=\u00a0\u00bbrow\u00a0\u00bb content_width=\u00a0\u00bbfull-width\u00a0\u00bb anchor=\u00a0\u00bb\u00a0\u00bb content_aligment=\u00a0\u00bbleft\u00a0\u00bb css_animation=\u00a0\u00bb\u00a0\u00bb][vc_column width=\u00a0\u00bb1\/6&Prime;][\/vc_column][vc_column width=\u00a0\u00bb2\/3&Prime;][vc_empty_space height=\u00a0\u00bb22px\u00a0\u00bb][vc_empty_space height=\u00a0\u00bb60px\u00a0\u00bb][vc_column_text]Un processus dans lequel des connaissances et des comp\u00e9tences techniques ainsi que des comp\u00e9tences artistiques sont requises. L&rsquo;histoire La technique du gaufrage par gravure sur acier est ancienne et semble \u00e0 certains contemporains plut\u00f4t archa\u00efque. Les&#8230;<\/p>\n","protected":false},"author":1,"featured_media":0,"parent":0,"menu_order":0,"comment_status":"closed","ping_status":"closed","template":"full-width.php","meta":{"footnotes":""},"class_list":["post-6468","page","type-page","status-publish","hentry"],"_links":{"self":[{"href":"https:\/\/conzelmann-bisingen.com\/fr\/wp-json\/wp\/v2\/pages\/6468","targetHints":{"allow":["GET"]}}],"collection":[{"href":"https:\/\/conzelmann-bisingen.com\/fr\/wp-json\/wp\/v2\/pages"}],"about":[{"href":"https:\/\/conzelmann-bisingen.com\/fr\/wp-json\/wp\/v2\/types\/page"}],"author":[{"embeddable":true,"href":"https:\/\/conzelmann-bisingen.com\/fr\/wp-json\/wp\/v2\/users\/1"}],"replies":[{"embeddable":true,"href":"https:\/\/conzelmann-bisingen.com\/fr\/wp-json\/wp\/v2\/comments?post=6468"}],"version-history":[{"count":35,"href":"https:\/\/conzelmann-bisingen.com\/fr\/wp-json\/wp\/v2\/pages\/6468\/revisions"}],"predecessor-version":[{"id":6838,"href":"https:\/\/conzelmann-bisingen.com\/fr\/wp-json\/wp\/v2\/pages\/6468\/revisions\/6838"}],"wp:attachment":[{"href":"https:\/\/conzelmann-bisingen.com\/fr\/wp-json\/wp\/v2\/media?parent=6468"}],"curies":[{"name":"wp","href":"https:\/\/api.w.org\/{rel}","templated":true}]}}