{"id":6469,"date":"2019-07-01T15:27:23","date_gmt":"2019-07-01T13:27:23","guid":{"rendered":"https:\/\/conzelmann-bisingen.com\/blindpraegung\/"},"modified":"2021-10-19T15:26:05","modified_gmt":"2021-10-19T13:26:05","slug":"gaufrage-aveugle","status":"publish","type":"page","link":"https:\/\/conzelmann-bisingen.com\/fr\/gaufrage-aveugle\/","title":{"rendered":"Gaufrage aveugle"},"content":{"rendered":"<div class=\"wpb-content-wrapper\"><p>[vc_row row_type=\u00a0\u00bbrow\u00a0\u00bb content_width=\u00a0\u00bbfull-width\u00a0\u00bb anchor=\u00a0\u00bb\u00a0\u00bb content_aligment=\u00a0\u00bbleft\u00a0\u00bb css_animation=\u00a0\u00bb\u00a0\u00bb][vc_column width=\u00a0\u00bb1\/6&Prime;][\/vc_column][vc_column width=\u00a0\u00bb2\/3&Prime;][vc_empty_space height=\u00a0\u00bb22px\u00a0\u00bb]<div class=\"eltd-section-title-outer-holder \" style=\"text-align: center\">\n\t<div class=\"eltd-section-title-subtitle-holder\">\n\t\t<h3 class=\"eltd-section-subtitle\" style=\";\">\u00c9l\u00e9gance \u00e0 l&#039;\u00e9tat pur<\/h3>\n\t<\/div>\n\t<div class=\"eltd-section-title-holder\">\n\t\t<h2 class=\"eltd-section-title\" style=\";\">Gaufrage aveugle<\/h2>\n\t<\/div>\n<\/div>[vc_empty_space height=\u00a0\u00bb60px\u00a0\u00bb][vc_column_text]Le gaufrage aveugle sur les en-t\u00eates et les cartes de visite est \u00e9l\u00e9gant, raffin\u00e9, sobre et pourtant plein de caract\u00e8re. Ils montrent toutes les subtilit\u00e9s du motif. Les sujets plats doivent \u00eatre repr\u00e9sent\u00e9s par un gaufrage \u00e0 l&rsquo;aveugle sans dominance excessive. Le gaufrage peut \u00eatre plat ou arrondi en une seule \u00e9tape, ou il peut \u00eatre cr\u00e9\u00e9 en plusieurs \u00e9tapes sous forme de relief tridimensionnel.<\/p>\n<p>Nous proposons le gaufrage aveugle sur des feuilles jusqu&rsquo;\u00e0 53 \u00d7 74 cm.<\/p>\n<p>Les objets sont cr\u00e9\u00e9s \u2013 \u00e9quilibr\u00e9s et avec sobri\u00e9t\u00e9 \u2013 sans exc\u00e8s ni s\u00e9cheresse.<\/p>\n<p>Le gaufrage aveugle est initialement un gaufrage incolore du papier ou du carton. Le mat\u00e9riau d&rsquo;impression est d\u00e9form\u00e9 par le gaufrage, en suivant le contour de l&rsquo;outil de gaufrage. Le gaufrage \u00e0 froid peut \u00eatre recouvert d&rsquo;une impression offset ou d&rsquo;une feuille de gaufrage. Cela peut augmenter l&rsquo;effet dans certains cas.<\/p>\n<p>Le gaufrage aveugle est souvent utilis\u00e9 en combinaison ou en compl\u00e9ment de l&rsquo;impression offset, de la dorure \u00e0 chaud ou de la timbrage.<\/p>\n<p>Cependant, s&rsquo;il est fait de mani\u00e8re amateur, le gaufrage aveugle n&rsquo;est souvent pas une raison de se r\u00e9jouir, donc l&rsquo;exp\u00e9rience est vraiment n\u00e9cessaire ici aussi pour que le travail soit r\u00e9ussi.[\/vc_column_text][vc_empty_space height=\u00a0\u00bb60px\u00a0\u00bb][\/vc_column][vc_column width=\u00a0\u00bb1\/6&Prime;][\/vc_column][\/vc_row]<\/p>\n<\/div>","protected":false},"excerpt":{"rendered":"<p>[vc_row row_type=\u00a0\u00bbrow\u00a0\u00bb content_width=\u00a0\u00bbfull-width\u00a0\u00bb anchor=\u00a0\u00bb\u00a0\u00bb content_aligment=\u00a0\u00bbleft\u00a0\u00bb css_animation=\u00a0\u00bb\u00a0\u00bb][vc_column width=\u00a0\u00bb1\/6&Prime;][\/vc_column][vc_column width=\u00a0\u00bb2\/3&Prime;][vc_empty_space height=\u00a0\u00bb22px\u00a0\u00bb][vc_empty_space height=\u00a0\u00bb60px\u00a0\u00bb][vc_column_text]Le gaufrage aveugle sur les en-t\u00eates et les cartes de visite est \u00e9l\u00e9gant, raffin\u00e9, sobre et pourtant plein de caract\u00e8re. Ils montrent toutes les subtilit\u00e9s du motif. Les sujets plats doivent \u00eatre repr\u00e9sent\u00e9s par un gaufrage&#8230;<\/p>\n","protected":false},"author":1,"featured_media":0,"parent":0,"menu_order":0,"comment_status":"closed","ping_status":"closed","template":"full-width.php","meta":{"footnotes":""},"class_list":["post-6469","page","type-page","status-publish","hentry"],"_links":{"self":[{"href":"https:\/\/conzelmann-bisingen.com\/fr\/wp-json\/wp\/v2\/pages\/6469","targetHints":{"allow":["GET"]}}],"collection":[{"href":"https:\/\/conzelmann-bisingen.com\/fr\/wp-json\/wp\/v2\/pages"}],"about":[{"href":"https:\/\/conzelmann-bisingen.com\/fr\/wp-json\/wp\/v2\/types\/page"}],"author":[{"embeddable":true,"href":"https:\/\/conzelmann-bisingen.com\/fr\/wp-json\/wp\/v2\/users\/1"}],"replies":[{"embeddable":true,"href":"https:\/\/conzelmann-bisingen.com\/fr\/wp-json\/wp\/v2\/comments?post=6469"}],"version-history":[{"count":5,"href":"https:\/\/conzelmann-bisingen.com\/fr\/wp-json\/wp\/v2\/pages\/6469\/revisions"}],"predecessor-version":[{"id":6823,"href":"https:\/\/conzelmann-bisingen.com\/fr\/wp-json\/wp\/v2\/pages\/6469\/revisions\/6823"}],"wp:attachment":[{"href":"https:\/\/conzelmann-bisingen.com\/fr\/wp-json\/wp\/v2\/media?parent=6469"}],"curies":[{"name":"wp","href":"https:\/\/api.w.org\/{rel}","templated":true}]}}