{"id":6470,"date":"2019-07-01T15:26:11","date_gmt":"2019-07-01T13:26:11","guid":{"rendered":"https:\/\/conzelmann-bisingen.com\/thermoreliefdruck\/"},"modified":"2021-10-19T15:42:22","modified_gmt":"2021-10-19T13:42:22","slug":"impression-en-relief","status":"publish","type":"page","link":"https:\/\/conzelmann-bisingen.com\/fr\/impression-en-relief\/","title":{"rendered":"Impression en relief"},"content":{"rendered":"<div class=\"wpb-content-wrapper\">\t\t<div data-elementor-type=\"wp-post\" data-elementor-id=\"6470\" class=\"elementor elementor-6470 elementor-4386\">\n\t\t\t\t\t\t<section class=\"elementor-section elementor-top-section elementor-element elementor-element-280c604e elementor-section-boxed elementor-section-height-default elementor-section-height-default\" data-id=\"280c604e\" data-element_type=\"section\" data-e-type=\"section\">\n\t\t\t\t\t\t<div class=\"elementor-container elementor-column-gap-default\">\n\t\t\t\t\t<div class=\"elementor-column elementor-col-100 elementor-top-column elementor-element elementor-element-643f5438\" data-id=\"643f5438\" data-element_type=\"column\" data-e-type=\"column\">\n\t\t\t<div class=\"elementor-widget-wrap elementor-element-populated\">\n\t\t\t\t\t\t<div class=\"elementor-element elementor-element-7b12439e elementor-widget elementor-widget-text-editor\" data-id=\"7b12439e\" data-element_type=\"widget\" data-e-type=\"widget\" data-widget_type=\"text-editor.default\">\n\t\t\t\t<div class=\"elementor-widget-container\">\n\t\t\t\t\t\t\t\t\t<p>[vc_row row_type=\u00a0\u00bbrow\u00a0\u00bb content_width=\u00a0\u00bbfull-width\u00a0\u00bb anchor=\u00a0\u00bb\u00a0\u00bb content_aligment=\u00a0\u00bbleft\u00a0\u00bb css_animation=\u00a0\u00bb\u00a0\u00bb][vc_column width=\u00a0\u00bb100%\u00a0\u00bb][vc_empty_space height=\u00a0\u00bb22px\u00a0\u00bb]<div class=\"eltd-section-title-outer-holder \" style=\"text-align: center\">\n\t<div class=\"eltd-section-title-subtitle-holder\">\n\t\t<h3 class=\"eltd-section-subtitle\" style=\";\">Convaincre au toucher<\/h3>\n\t<\/div>\n\t<div class=\"eltd-section-title-holder\">\n\t\t<h2 class=\"eltd-section-title\" style=\";\">Impression en relief thermique<\/h2>\n\t<\/div>\n<\/div>[vc_empty_space height=\u00a0\u00bb60px\u00a0\u00bb][vc_column_text]L&rsquo;impression en relief thermique est un processus relativement nouveau par rapport au vrai gaufrage traditionnel. Il a \u00e9t\u00e9 d\u00e9velopp\u00e9 aux \u00c9tats-Unis et est rapidement arriv\u00e9 en Europe.<\/p>\n<p>Parfois, vous entendez aussi le terme \u00ab imitation de gravure sur acier \u00bb. Ceci est au fond totalement inexact car il n&rsquo;est pas comparable \u00e0 la gravure sur acier, ni en termes de m\u00e9thode ni en termes de r\u00e9sultat.<\/p>\n<h2>Maintenant fiablement r\u00e9sistant au laser<\/h2>\n<p>L&rsquo;impression en relief thermique est un processus ind\u00e9pendant qui peut \u00eatre utilis\u00e9 avec succ\u00e8s dans des zones sp\u00e9cifiques et d\u00e9finies avec pr\u00e9cision.<\/p>\n<p>Le processus est un peu moins cher que la gravure sur acier d&rsquo;origine, car aucun outil sp\u00e9cial n&rsquo;est requis pour obtenir l&rsquo;effet. L&rsquo;impression en relief thermique n&rsquo;atteint pas tout \u00e0 fait l&rsquo;\u00e9l\u00e9gance de la gravure sur acier. Elle ne fait que l&rsquo;imiter, mais ne peut jamais remplacer la gravure sur acier.<\/p>\n<p>Une diff\u00e9rence tr\u00e8s importante par rapport au gaufrage de la gravure sur acier est qu&rsquo;avec l&rsquo;impression en relief thermique, une taille de grain adapt\u00e9e au travail respectif doit \u00eatre s\u00e9lectionn\u00e9e, ce qui d\u00e9termine ensuite la hauteur du relief. Et ce relief est alors forc\u00e9ment le m\u00eame partout, qu&rsquo;il y ait des traits larges ou fins dans la police ou dans le logo ; la dynamique de la v\u00e9ritable gravure sur acier manque donc in\u00e9vitablement.<\/p>\n<p>L&rsquo;impression re\u00e7oit son relief gr\u00e2ce \u00e0 un traitement sp\u00e9cial directement ult\u00e9rieur et donc un aspect similaire \u00e0 la gravure sur acier.<\/p>\n<p>Gr\u00e2ce \u00e0 une nouvelle technologie fiable et \u00e0 un mat\u00e9riau perfectionn\u00e9, les impressions en relief thermique peuvent d\u00e9sormais \u00e9galement \u00eatre rendues r\u00e9sistantes aux imprimantes laser.<\/p>\n<p>Cela fonctionne de mani\u00e8re tr\u00e8s fiable et coh\u00e9rente, de sorte que des \u00e9ditions de plus en plus \u00e9lev\u00e9es peuvent \u00eatre produites ici avec une qualit\u00e9 constante.<\/p>\n<p>Cependant, une garantie g\u00e9n\u00e9rale d&rsquo;imprimante laser ne peut pas \u00eatre donn\u00e9e. Pour en \u00eatre s\u00fbr, laissez-nous vous donner quelques exemples de fiches. Ensuite, vous pouvez tester sur votre imprimante si le relief peut y r\u00e9sister \u00e0 la chaleur.<\/p>\n<p>L&rsquo;impression en relief thermique est avantageusement utilis\u00e9e sur les en-t\u00eates, les cartes de visite, les cartes d&rsquo;invitation, les cartes de v\u0153ux, les \u00e9tiquettes de pi\u00e8ce jointe et autres.<\/p>\n<p>Il existe \u00e9galement de nombreuses options int\u00e9ressantes ouvertes au concepteur ici. Ce proc\u00e9d\u00e9 peut \u00e9galement \u00eatre largement combin\u00e9 avec les autres proc\u00e9d\u00e9s d&rsquo;impression et vous fera plaisir.[\/vc_column_text][vc_empty_space height=\u00a0\u00bb60px\u00a0\u00bb][\/vc_column][\/vc_row]<\/p>\n\t\t\t\t\t\t\t\t<\/div>\n\t\t\t\t<\/div>\n\t\t\t\t\t<\/div>\n\t\t<\/div>\n\t\t\t\t\t<\/div>\n\t\t<\/section>\n\t\t\t\t<\/div>\n\t\t<\/div>","protected":false},"excerpt":{"rendered":"<p>[vc_row row_type=\u00a0\u00bbrow\u00a0\u00bb content_width=\u00a0\u00bbfull-width\u00a0\u00bb anchor=\u00a0\u00bb\u00a0\u00bb content_aligment=\u00a0\u00bbleft\u00a0\u00bb css_animation=\u00a0\u00bb\u00a0\u00bb][vc_column width=\u00a0\u00bb100%\u00a0\u00bb][vc_empty_space height=\u00a0\u00bb22px\u00a0\u00bb][vc_empty_space height=\u00a0\u00bb60px\u00a0\u00bb][vc_column_text]L&rsquo;impression en relief thermique est un processus relativement nouveau par rapport au vrai gaufrage traditionnel. Il a \u00e9t\u00e9 d\u00e9velopp\u00e9 aux \u00c9tats-Unis et est rapidement arriv\u00e9 en Europe. Parfois, vous entendez aussi le terme \u00ab imitation de gravure&#8230;<\/p>\n","protected":false},"author":1,"featured_media":0,"parent":0,"menu_order":0,"comment_status":"closed","ping_status":"closed","template":"full-width.php","meta":{"footnotes":""},"class_list":["post-6470","page","type-page","status-publish","hentry"],"_links":{"self":[{"href":"https:\/\/conzelmann-bisingen.com\/fr\/wp-json\/wp\/v2\/pages\/6470","targetHints":{"allow":["GET"]}}],"collection":[{"href":"https:\/\/conzelmann-bisingen.com\/fr\/wp-json\/wp\/v2\/pages"}],"about":[{"href":"https:\/\/conzelmann-bisingen.com\/fr\/wp-json\/wp\/v2\/types\/page"}],"author":[{"embeddable":true,"href":"https:\/\/conzelmann-bisingen.com\/fr\/wp-json\/wp\/v2\/users\/1"}],"replies":[{"embeddable":true,"href":"https:\/\/conzelmann-bisingen.com\/fr\/wp-json\/wp\/v2\/comments?post=6470"}],"version-history":[{"count":37,"href":"https:\/\/conzelmann-bisingen.com\/fr\/wp-json\/wp\/v2\/pages\/6470\/revisions"}],"predecessor-version":[{"id":7158,"href":"https:\/\/conzelmann-bisingen.com\/fr\/wp-json\/wp\/v2\/pages\/6470\/revisions\/7158"}],"wp:attachment":[{"href":"https:\/\/conzelmann-bisingen.com\/fr\/wp-json\/wp\/v2\/media?parent=6470"}],"curies":[{"name":"wp","href":"https:\/\/api.w.org\/{rel}","templated":true}]}}