{"id":6474,"date":"2019-07-01T15:23:19","date_gmt":"2019-07-01T13:23:19","guid":{"rendered":"https:\/\/conzelmann-bisingen.com\/praegefoliendruck\/"},"modified":"2021-10-19T15:35:36","modified_gmt":"2021-10-19T13:35:36","slug":"estampage-chaud","status":"publish","type":"page","link":"https:\/\/conzelmann-bisingen.com\/fr\/estampage-chaud\/","title":{"rendered":"Estampage \u00e0 chaud"},"content":{"rendered":"<div class=\"wpb-content-wrapper\"><p>[vc_row row_type=\u00a0\u00bbrow\u00a0\u00bb content_width=\u00a0\u00bbfull-width\u00a0\u00bb anchor=\u00a0\u00bb\u00a0\u00bb content_aligment=\u00a0\u00bbleft\u00a0\u00bb css_animation=\u00a0\u00bb\u00a0\u00bb][vc_column width=\u00a0\u00bb1\/6&Prime;][\/vc_column][vc_column width=\u00a0\u00bb2\/3&Prime;][vc_empty_space height=\u00a0\u00bb22px\u00a0\u00bb]<div class=\"eltd-section-title-outer-holder \" style=\"text-align: center\">\n\t<div class=\"eltd-section-title-subtitle-holder\">\n\t\t<h3 class=\"eltd-section-subtitle\" style=\";\">Incomparablement noble<\/h3>\n\t<\/div>\n\t<div class=\"eltd-section-title-holder\">\n\t\t<h2 class=\"eltd-section-title\" style=\";\">Estampage \u00e0 chaud<\/h2>\n\t<\/div>\n<\/div>[vc_empty_space height=\u00a0\u00bb60px\u00a0\u00bb][vc_column_text]L&rsquo;estampage \u00e0 chaud est un <strong>proc\u00e9d\u00e9 d&rsquo;impression typographique moderne<\/strong> et sp\u00e9cial dans lequel une feuille de laque tr\u00e8s fine est transf\u00e9r\u00e9e sur le papier, le carton ou la feuille de plastique sous l&rsquo;influence de la chaleur.<\/p>\n<p>Avec ce <strong>processus tr\u00e8s diversifi\u00e9,<\/strong> nous produisons des en-t\u00eates, des cartes de visite, des cartes de v\u0153ux, des chemises d&rsquo;offres, des bo\u00eetes pliantes, des \u00e9tiquettes, des couvertures de livres, des brochures et bien plus encore.<\/p>\n<p>Nous proposons des gaufrages \u00e0 plat ou en relief jusqu&rsquo;au format 53 \u00d7 74 cm<\/p>\n<p>Des combinaisons avec offset ou typographie, timbrage ou gaufrage \u00e0 froid sont possibles. Par cons\u00e9quent, il existe de nombreuses options de conception attrayantes avec de beaux <strong>effets expressifs<\/strong>.<\/p>\n<p>Les impressions sur feuille de gaufrage diff\u00e8rent consid\u00e9rablement des impressions conventionnelles. L&rsquo;or et l&rsquo;argent sont en fait de <strong>l&rsquo;or et de l&rsquo;argent<\/strong>, vraiment m\u00e9talliques et pas seulement de couleur or ou argent. Le gaufrage peut \u00eatre r\u00e9alis\u00e9 \u00e0 plat ou en plastique. Avec un gaufrage en plastique, l&rsquo;effet optique est consid\u00e9rablement augment\u00e9.<\/p>\n<p>Les impressions sur feuille en relief sont tr\u00e8s <strong>r\u00e9sistantes \u00e0 la lumi\u00e8re,<\/strong> les tons or et argent ne s&rsquo;oxydent pas et montrent donc le m\u00eame \u00e9clat m\u00eame apr\u00e8s des ann\u00e9es que le jour de la production.<\/p>\n<p>La valeur de l&rsquo;estampage en tant que raffinement est incontest\u00e9e. L&#8217;emballage des produits affin\u00e9 par dorure suscite l&rsquo;int\u00e9r\u00eat du consommateur, et il a \u00e9t\u00e9 prouv\u00e9 que son <strong>attention<\/strong> reste plus longtemps sur l&#8217;emballage.<\/p>\n<p>De plus, l&rsquo;estampage \u00e0 chaud, en particulier en relation avec les techniques de gravure correspondantes, augmente <strong>la s\u00e9curit\u00e9 contre la falsification<\/strong>.<\/p>\n<p>L&rsquo;estampage est <strong>durable<\/strong>.<\/p>\n<p>\u00c0 maintes reprises, il est suppos\u00e9 que les emballages avec du papier d&rsquo;aluminium ne sont pas recyclables. Par cons\u00e9quent, ils ne sont pas non plus durables. Comme, cependant, <strong>un film plastique n&rsquo;est pas appliqu\u00e9<\/strong> dans l&rsquo;estampage \u00e0 chaud, mais un emballage de laque, le substrat raffin\u00e9 avec l&rsquo;estampage \u00e0 chaud traditionnel peut facilement \u00eatre s\u00e9par\u00e9 dans le processus de d\u00e9sencrage normal et renvoy\u00e9 au cycle de recyclage normal.[\/vc_column_text][vc_empty_space height=\u00a0\u00bb60px\u00a0\u00bb][\/vc_column][vc_column width=\u00a0\u00bb1\/6&Prime;][\/vc_column][\/vc_row]<\/p>\n<\/div>","protected":false},"excerpt":{"rendered":"<p>[vc_row row_type=\u00a0\u00bbrow\u00a0\u00bb content_width=\u00a0\u00bbfull-width\u00a0\u00bb anchor=\u00a0\u00bb\u00a0\u00bb content_aligment=\u00a0\u00bbleft\u00a0\u00bb css_animation=\u00a0\u00bb\u00a0\u00bb][vc_column width=\u00a0\u00bb1\/6&Prime;][\/vc_column][vc_column width=\u00a0\u00bb2\/3&Prime;][vc_empty_space height=\u00a0\u00bb22px\u00a0\u00bb][vc_empty_space height=\u00a0\u00bb60px\u00a0\u00bb][vc_column_text]L&rsquo;estampage \u00e0 chaud est un proc\u00e9d\u00e9 d&rsquo;impression typographique moderne et sp\u00e9cial dans lequel une feuille de laque tr\u00e8s fine est transf\u00e9r\u00e9e sur le papier, le carton ou la feuille de plastique sous l&rsquo;influence de la chaleur&#8230;.<\/p>\n","protected":false},"author":1,"featured_media":0,"parent":0,"menu_order":0,"comment_status":"closed","ping_status":"closed","template":"full-width.php","meta":{"footnotes":""},"class_list":["post-6474","page","type-page","status-publish","hentry"],"_links":{"self":[{"href":"https:\/\/conzelmann-bisingen.com\/fr\/wp-json\/wp\/v2\/pages\/6474","targetHints":{"allow":["GET"]}}],"collection":[{"href":"https:\/\/conzelmann-bisingen.com\/fr\/wp-json\/wp\/v2\/pages"}],"about":[{"href":"https:\/\/conzelmann-bisingen.com\/fr\/wp-json\/wp\/v2\/types\/page"}],"author":[{"embeddable":true,"href":"https:\/\/conzelmann-bisingen.com\/fr\/wp-json\/wp\/v2\/users\/1"}],"replies":[{"embeddable":true,"href":"https:\/\/conzelmann-bisingen.com\/fr\/wp-json\/wp\/v2\/comments?post=6474"}],"version-history":[{"count":10,"href":"https:\/\/conzelmann-bisingen.com\/fr\/wp-json\/wp\/v2\/pages\/6474\/revisions"}],"predecessor-version":[{"id":6837,"href":"https:\/\/conzelmann-bisingen.com\/fr\/wp-json\/wp\/v2\/pages\/6474\/revisions\/6837"}],"wp:attachment":[{"href":"https:\/\/conzelmann-bisingen.com\/fr\/wp-json\/wp\/v2\/media?parent=6474"}],"curies":[{"name":"wp","href":"https:\/\/api.w.org\/{rel}","templated":true}]}}