{"id":6475,"date":"2019-07-01T14:33:42","date_gmt":"2019-07-01T12:33:42","guid":{"rendered":"https:\/\/conzelmann-bisingen.com\/unsere-haftetiketten\/"},"modified":"2021-10-19T15:39:26","modified_gmt":"2021-10-19T13:39:26","slug":"etiquettes-adhesives","status":"publish","type":"page","link":"https:\/\/conzelmann-bisingen.com\/fr\/etiquettes-adhesives\/","title":{"rendered":"\u00c9tiquettes adh\u00e9sives"},"content":{"rendered":"<div class=\"wpb-content-wrapper\"><p>[vc_row row_type=\u00a0\u00bbrow\u00a0\u00bb content_width=\u00a0\u00bbfull-width\u00a0\u00bb anchor=\u00a0\u00bb\u00a0\u00bb content_aligment=\u00a0\u00bbleft\u00a0\u00bb css_animation=\u00a0\u00bb\u00a0\u00bb][vc_column width=\u00a0\u00bb1\/6&Prime;][\/vc_column][vc_column width=\u00a0\u00bb2\/3&Prime;][vc_empty_space height=\u00a0\u00bb22px\u00a0\u00bb]<div class=\"eltd-section-title-outer-holder \" style=\"text-align: center\">\n\t<div class=\"eltd-section-title-subtitle-holder\">\n\t\t<h3 class=\"eltd-section-subtitle\" style=\";\">Impressionnez une fois raffin\u00e9<\/h3>\n\t<\/div>\n\t<div class=\"eltd-section-title-holder\">\n\t\t<h2 class=\"eltd-section-title\" style=\";\">\u00c9tiquettes adh\u00e9sives<\/h2>\n\t<\/div>\n<\/div>[vc_empty_space height=\u00a0\u00bb60px\u00a0\u00bb][vc_column_text]Les \u00e9tiquettes adh\u00e9sives sont un vaste domaine. Sans fin sur un rouleau \u2013 ou \u00e0 plat sur une feuille \u2013 selon la meilleure fa\u00e7on de r\u00e9pondre aux exigences.<\/p>\n<p>Des papiers, des feuilles de plastique, des textiles ou des m\u00e9taux peuvent \u00eatre utilis\u00e9s comme mat\u00e9riaux. Nous produisons les \u00e9tiquettes par impression typographique, offset ou par estampage.<\/p>\n<p>Avec le proc\u00e9d\u00e9 de gaufrage en feuille, des reliefs en plastique peuvent \u00e9galement \u00eatre obtenus, comme vous le savez gr\u00e2ce \u00e0 l&rsquo;impression feuille \u00e0 feuille, et nous vous encourageons \u00e0 regarder de plus pr\u00e8s cette variante rarement pratiqu\u00e9e. Avec ce type d&rsquo;\u00e9tiquette, les papiers plus \u00e9pais ou les cartons l\u00e9gers sont les meilleurs. En r\u00e8gle g\u00e9n\u00e9rale, les feuilles tiennent mal le relief, mais avec du papier ou du carton, cela semble tr\u00e8s impressionnant.<\/p>\n<p>Les \u00e9tiquettes sont g\u00e9n\u00e9ralement d\u00e9coup\u00e9es par la suite, de sorte que presque toutes les formes de contour imaginables et techniquement r\u00e9alisables sont possibles.<\/p>\n<p>Des adh\u00e9sifs et traitements de surface sp\u00e9ciaux, ici en particulier le laminage en ligne avec un film transparent, conf\u00e8rent aux \u00e9tiquettes la texture finale et la r\u00e9sistance dont le client a besoin pour l&rsquo;application sp\u00e9cifique de l&rsquo;\u00e9tiquette.<\/p>\n<p>Il est pr\u00e9f\u00e9rable pour nous de d\u00e9cider si une \u00e9tiquette feuille \u00e0 feuille ou continue est la meilleure solution pour vous lors d&rsquo;une discussion.[\/vc_column_text][vc_empty_space height=\u00a0\u00bb60px\u00a0\u00bb][\/vc_column][vc_column width=\u00a0\u00bb1\/6&Prime;][\/vc_column][\/vc_row]<\/p>\n<\/div>","protected":false},"excerpt":{"rendered":"<p>[vc_row row_type=\u00a0\u00bbrow\u00a0\u00bb content_width=\u00a0\u00bbfull-width\u00a0\u00bb anchor=\u00a0\u00bb\u00a0\u00bb content_aligment=\u00a0\u00bbleft\u00a0\u00bb css_animation=\u00a0\u00bb\u00a0\u00bb][vc_column width=\u00a0\u00bb1\/6&Prime;][\/vc_column][vc_column width=\u00a0\u00bb2\/3&Prime;][vc_empty_space height=\u00a0\u00bb22px\u00a0\u00bb][vc_empty_space height=\u00a0\u00bb60px\u00a0\u00bb][vc_column_text]Les \u00e9tiquettes adh\u00e9sives sont un vaste domaine. Sans fin sur un rouleau \u2013 ou \u00e0 plat sur une feuille \u2013 selon la meilleure fa\u00e7on de r\u00e9pondre aux exigences. Des papiers, des feuilles de plastique, des textiles&#8230;<\/p>\n","protected":false},"author":1,"featured_media":0,"parent":0,"menu_order":0,"comment_status":"closed","ping_status":"closed","template":"full-width.php","meta":{"footnotes":""},"class_list":["post-6475","page","type-page","status-publish","hentry"],"_links":{"self":[{"href":"https:\/\/conzelmann-bisingen.com\/fr\/wp-json\/wp\/v2\/pages\/6475","targetHints":{"allow":["GET"]}}],"collection":[{"href":"https:\/\/conzelmann-bisingen.com\/fr\/wp-json\/wp\/v2\/pages"}],"about":[{"href":"https:\/\/conzelmann-bisingen.com\/fr\/wp-json\/wp\/v2\/types\/page"}],"author":[{"embeddable":true,"href":"https:\/\/conzelmann-bisingen.com\/fr\/wp-json\/wp\/v2\/users\/1"}],"replies":[{"embeddable":true,"href":"https:\/\/conzelmann-bisingen.com\/fr\/wp-json\/wp\/v2\/comments?post=6475"}],"version-history":[{"count":16,"href":"https:\/\/conzelmann-bisingen.com\/fr\/wp-json\/wp\/v2\/pages\/6475\/revisions"}],"predecessor-version":[{"id":6822,"href":"https:\/\/conzelmann-bisingen.com\/fr\/wp-json\/wp\/v2\/pages\/6475\/revisions\/6822"}],"wp:attachment":[{"href":"https:\/\/conzelmann-bisingen.com\/fr\/wp-json\/wp\/v2\/media?parent=6475"}],"curies":[{"name":"wp","href":"https:\/\/api.w.org\/{rel}","templated":true}]}}